{"id":19,"date":"2025-12-01T10:51:19","date_gmt":"2025-12-01T10:51:19","guid":{"rendered":"https:\/\/ppa3.batera.fr\/?page_id=19"},"modified":"2025-12-04T15:24:34","modified_gmt":"2025-12-04T15:24:34","slug":"notre-histoire","status":"publish","type":"page","link":"https:\/\/ppa3.batera.fr\/index.php\/notre-histoire\/","title":{"rendered":"Notre Equipe"},"content":{"rendered":"\t\t<div data-elementor-type=\"wp-page\" data-elementor-id=\"19\" class=\"elementor elementor-19\" data-elementor-post-type=\"page\">\n\t\t\t\t<div class=\"elementor-element elementor-element-604fdb8 e-flex e-con-boxed e-con e-parent\" data-id=\"604fdb8\" data-element_type=\"container\" data-settings=\"{&quot;background_background&quot;:&quot;slideshow&quot;,&quot;background_slideshow_gallery&quot;:[{&quot;id&quot;:192,&quot;url&quot;:&quot;http:\\\/\\\/ppa3.batera.fr\\\/wp-content\\\/uploads\\\/2025\\\/12\\\/Photo-equipe.png&quot;}],&quot;shape_divider_top&quot;:&quot;waves&quot;,&quot;background_slideshow_loop&quot;:&quot;yes&quot;,&quot;background_slideshow_slide_duration&quot;:5000,&quot;background_slideshow_slide_transition&quot;:&quot;fade&quot;,&quot;background_slideshow_transition_duration&quot;:500}\">\n\t\t\t\t\t<div class=\"e-con-inner\">\n\t\t\t\t<div class=\"elementor-shape elementor-shape-top\" aria-hidden=\"true\" data-negative=\"false\">\n\t\t\t<svg xmlns=\"http:\/\/www.w3.org\/2000\/svg\" viewBox=\"0 0 1000 100\" preserveAspectRatio=\"none\">\n\t<path class=\"elementor-shape-fill\" d=\"M421.9,6.5c22.6-2.5,51.5,0.4,75.5,5.3c23.6,4.9,70.9,23.5,100.5,35.7c75.8,32.2,133.7,44.5,192.6,49.7\n\tc23.6,2.1,48.7,3.5,103.4-2.5c54.7-6,106.2-25.6,106.2-25.6V0H0v30.3c0,0,72,32.6,158.4,30.5c39.2-0.7,92.8-6.7,134-22.4\n\tc21.2-8.1,52.2-18.2,79.7-24.2C399.3,7.9,411.6,7.5,421.9,6.5z\"\/>\n<\/svg>\t\t<\/div>\n\t\t\t\t<div class=\"elementor-element elementor-element-96bb507 elementor-widget__width-initial elementor-widget elementor-widget-heading\" data-id=\"96bb507\" data-element_type=\"widget\" data-widget_type=\"heading.default\">\n\t\t\t\t\t<h5 class=\"elementor-heading-title elementor-size-default\">Notre \u00e9quipe<\/h5>\t\t\t\t<\/div>\n\t\t\t\t\t<\/div>\n\t\t\t\t<\/div>\n\t\t<div class=\"elementor-element elementor-element-2a538cf e-flex e-con-boxed e-con e-parent\" data-id=\"2a538cf\" data-element_type=\"container\">\n\t\t\t\t\t<div class=\"e-con-inner\">\n\t\t\t\t<div class=\"elementor-element elementor-element-d45d55f elementor-widget-divider--separator-type-pattern elementor-widget-divider--no-spacing elementor-widget-divider--view-line elementor-widget elementor-widget-divider\" data-id=\"d45d55f\" data-element_type=\"widget\" data-widget_type=\"divider.default\">\n\t\t\t\t\t\t\t<div class=\"elementor-divider\" style=\"--divider-pattern-url: url(&quot;data:image\/svg+xml,%3Csvg xmlns=&#039;http:\/\/www.w3.org\/2000\/svg&#039; preserveAspectRatio=&#039;xMidYMid meet&#039; overflow=&#039;visible&#039; height=&#039;100%&#039; viewBox=&#039;0 0 126 26&#039; fill=&#039;black&#039; stroke=&#039;none&#039;%3E%3Cpath d=&#039;M3,10.2c2.6,0,2.6,2,2.6,3.2S4.4,16.5,3,16.5s-3-1.4-3-3.2S0.4,10.2,3,10.2z M18.8,10.2c1.7,0,3.2,1.4,3.2,3.2s-1.4,3.2-3.2,3.2c-1.7,0-3.2-1.4-3.2-3.2S17,10.2,18.8,10.2z M34.6,10.2c1.5,0,2.6,1.4,2.6,3.2s-0.5,3.2-1.9,3.2c-1.5,0-3.4-1.4-3.4-3.2S33.1,10.2,34.6,10.2z M50.5,10.2c1.7,0,3.2,1.4,3.2,3.2s-1.4,3.2-3.2,3.2c-1.7,0-3.3-0.9-3.3-2.6S48.7,10.2,50.5,10.2z M66.2,10.2c1.5,0,3.4,1.4,3.4,3.2s-1.9,3.2-3.4,3.2c-1.5,0-2.6-0.4-2.6-2.1S64.8,10.2,66.2,10.2z M82.2,10.2c1.7,0.8,2.6,1.4,2.6,3.2s-0.1,3.2-1.6,3.2c-1.5,0-3.7-1.4-3.7-3.2S80.5,9.4,82.2,10.2zM98.6,10.2c1.5,0,2.6,0.4,2.6,2.1s-1.2,4.2-2.6,4.2c-1.5,0-3.7-0.4-3.7-2.1S97.1,10.2,98.6,10.2z M113.4,10.2c1.2,0,2.2,0.9,2.2,3.2s-0.1,3.2-1.3,3.2s-3.1-1.4-3.1-3.2S112.2,10.2,113.4,10.2z&#039;\/%3E%3C\/svg%3E&quot;);\">\n\t\t\t<span class=\"elementor-divider-separator\">\n\t\t\t\t\t\t<\/span>\n\t\t<\/div>\n\t\t\t\t\t\t<\/div>\n\t\t\t\t\t<\/div>\n\t\t\t\t<\/div>\n\t\t<div class=\"elementor-element elementor-element-654d9e8 e-flex e-con-boxed e-con e-parent\" data-id=\"654d9e8\" data-element_type=\"container\">\n\t\t\t\t\t<div class=\"e-con-inner\">\n\t\t\t\t<div class=\"elementor-element elementor-element-6d20ada elementor-widget elementor-widget-heading\" data-id=\"6d20ada\" data-element_type=\"widget\" data-widget_type=\"heading.default\">\n\t\t\t\t\t<h3 class=\"elementor-heading-title elementor-size-default\">Derri\u00e8re L\u2019Envie d\u2019un Jardin, il y a une \u00e9quipe passionn\u00e9e qui met toute son \u00e9nergie \u00e0 sublimer les espaces ext\u00e9rieurs depuis plus de treize ans.\nChacun apporte son regard, son exp\u00e9rience et sa sensibilit\u00e9 pour donner vie \u00e0 des projets uniques : jardins sur-mesure, bassins aquatiques, am\u00e9nagements paysagers, entretien ou \u00e9lagage.\nNous partageons la m\u00eame envie : cr\u00e9er des lieux qui respirent, qui durent et qui vous ressemblent.\nD\u00e9couvrez les personnes qui font pousser vos id\u00e9es au quotidien.<\/h3>\t\t\t\t<\/div>\n\t\t\t\t\t<\/div>\n\t\t\t\t<\/div>\n\t\t<div class=\"elementor-element elementor-element-427e80a e-flex e-con-boxed e-con e-parent\" data-id=\"427e80a\" data-element_type=\"container\" data-settings=\"{&quot;background_background&quot;:&quot;classic&quot;}\">\n\t\t\t\t\t<div class=\"e-con-inner\">\n\t\t<div class=\"elementor-element elementor-element-0e3af96 e-con-full e-flex e-con e-child\" data-id=\"0e3af96\" data-element_type=\"container\">\n\t\t\t\t<div class=\"elementor-element elementor-element-f0be690 elementor-widget elementor-widget-image\" data-id=\"f0be690\" data-element_type=\"widget\" data-widget_type=\"image.default\">\n\t\t\t\t\t\t\t\t\t\t\t\t\t\t\t<img fetchpriority=\"high\" decoding=\"async\" width=\"586\" height=\"570\" src=\"https:\/\/ppa3.batera.fr\/wp-content\/uploads\/2025\/12\/Capture-decran-2025-12-02-a-11.23.01.png\" class=\"attachment-large size-large wp-image-181\" alt=\"\" srcset=\"https:\/\/ppa3.batera.fr\/wp-content\/uploads\/2025\/12\/Capture-decran-2025-12-02-a-11.23.01.png 586w, https:\/\/ppa3.batera.fr\/wp-content\/uploads\/2025\/12\/Capture-decran-2025-12-02-a-11.23.01-300x292.png 300w\" sizes=\"(max-width: 586px) 100vw, 586px\" \/>\t\t\t\t\t\t\t\t\t\t\t\t\t\t\t<\/div>\n\t\t\t\t<\/div>\n\t\t<div class=\"elementor-element elementor-element-94c8398 e-con-full e-flex e-con e-child\" data-id=\"94c8398\" data-element_type=\"container\">\n\t\t<div class=\"elementor-element elementor-element-5694494 e-con-full e-flex e-con e-child\" data-id=\"5694494\" data-element_type=\"container\">\n\t\t\t\t<div class=\"elementor-element elementor-element-56f7f43 elementor-widget elementor-widget-heading\" data-id=\"56f7f43\" data-element_type=\"widget\" data-widget_type=\"heading.default\">\n\t\t\t\t\t<h2 class=\"elementor-heading-title elementor-size-default\">Julien \u2013 Am\u00e9nagement paysager &amp; cr\u00e9ation<\/h2>\t\t\t\t<\/div>\n\t\t\t\t<\/div>\n\t\t<div class=\"elementor-element elementor-element-02637d8 e-con-full e-flex e-con e-child\" data-id=\"02637d8\" data-element_type=\"container\">\n\t\t\t\t<div class=\"elementor-element elementor-element-2cd33bf elementor-widget elementor-widget-text-editor\" data-id=\"2cd33bf\" data-element_type=\"widget\" data-widget_type=\"text-editor.default\">\n\t\t\t\t\t\t\t\t\t<p>Cr\u00e9atif et attentif au d\u00e9tail, Julien est celui qui imagine les jardins comme des lieux de vie \u00e0 part enti\u00e8re. Avec plus de dix ans d\u2019exp\u00e9rience dans la conception paysag\u00e8re, il ma\u00eetrise l\u2019art de structurer un espace, choisir les v\u00e9g\u00e9taux et cr\u00e9er des ambiances harmonieuses.<br data-start=\"1003\" data-end=\"1006\" \/>Ce qu\u2019il pr\u00e9f\u00e8re : transformer une simple id\u00e9e en un jardin o\u00f9 tout s\u2019\u00e9quilibre naturellement, et voir les clients d\u00e9couvrir leur nouvel espace avec enthousiasme.<\/p>\t\t\t\t\t\t\t\t<\/div>\n\t\t\t\t<\/div>\n\t\t\t\t<\/div>\n\t\t\t\t\t<\/div>\n\t\t\t\t<\/div>\n\t\t<div class=\"elementor-element elementor-element-05e3ef3 e-flex e-con-boxed e-con e-parent\" data-id=\"05e3ef3\" data-element_type=\"container\" data-settings=\"{&quot;background_background&quot;:&quot;classic&quot;}\">\n\t\t\t\t\t<div class=\"e-con-inner\">\n\t\t<div class=\"elementor-element elementor-element-dd53aea e-con-full e-flex e-con e-child\" data-id=\"dd53aea\" data-element_type=\"container\">\n\t\t<div class=\"elementor-element elementor-element-615c1ae e-con-full e-flex e-con e-child\" data-id=\"615c1ae\" data-element_type=\"container\">\n\t\t\t\t<div class=\"elementor-element elementor-element-ac151a7 elementor-widget elementor-widget-heading\" data-id=\"ac151a7\" data-element_type=\"widget\" data-widget_type=\"heading.default\">\n\t\t\t\t\t<h2 class=\"elementor-heading-title elementor-size-default\">Marc \u2013 \u00c9lagage, abattage &amp; sant\u00e9 des arbres<\/h2>\t\t\t\t<\/div>\n\t\t\t\t<\/div>\n\t\t<div class=\"elementor-element elementor-element-37e364c e-con-full e-flex e-con e-child\" data-id=\"37e364c\" data-element_type=\"container\">\n\t\t\t\t<div class=\"elementor-element elementor-element-0c75d94 elementor-widget__width-initial elementor-widget elementor-widget-text-editor\" data-id=\"0c75d94\" data-element_type=\"widget\" data-widget_type=\"text-editor.default\">\n\t\t\t\t\t\t\t\t\t<p>Patient, m\u00e9thodique et passionn\u00e9 par les arbres, Marc est le sp\u00e9cialiste des interventions en hauteur. Gr\u00e2ce \u00e0 son expertise en \u00e9lagage et en abattage, il veille \u00e0 la s\u00e9curit\u00e9 et au bien-\u00eatre des v\u00e9g\u00e9taux, tout en respectant leur croissance naturelle.<br data-start=\"1480\" data-end=\"1483\" \/>Son plaisir au quotidien : grimper, analyser, conseiller\u2026 et redonner aux arbres la forme et la vigueur qu\u2019ils m\u00e9ritent.<\/p>\t\t\t\t\t\t\t\t<\/div>\n\t\t\t\t<\/div>\n\t\t\t\t<\/div>\n\t\t<div class=\"elementor-element elementor-element-c62a08e e-con-full e-flex e-con e-child\" data-id=\"c62a08e\" data-element_type=\"container\">\n\t\t\t\t<div class=\"elementor-element elementor-element-a05a00f elementor-widget elementor-widget-image\" data-id=\"a05a00f\" data-element_type=\"widget\" data-widget_type=\"image.default\">\n\t\t\t\t\t\t\t\t\t\t\t\t\t\t\t<img decoding=\"async\" width=\"576\" height=\"562\" src=\"https:\/\/ppa3.batera.fr\/wp-content\/uploads\/2025\/12\/Capture-decran-2025-12-02-a-11.22.33.png\" class=\"attachment-large size-large wp-image-179\" alt=\"\" srcset=\"https:\/\/ppa3.batera.fr\/wp-content\/uploads\/2025\/12\/Capture-decran-2025-12-02-a-11.22.33.png 576w, https:\/\/ppa3.batera.fr\/wp-content\/uploads\/2025\/12\/Capture-decran-2025-12-02-a-11.22.33-300x293.png 300w\" sizes=\"(max-width: 576px) 100vw, 576px\" \/>\t\t\t\t\t\t\t\t\t\t\t\t\t\t\t<\/div>\n\t\t\t\t<\/div>\n\t\t\t\t\t<\/div>\n\t\t\t\t<\/div>\n\t\t<div class=\"elementor-element elementor-element-4bb17f8 e-flex e-con-boxed e-con e-parent\" data-id=\"4bb17f8\" data-element_type=\"container\" data-settings=\"{&quot;background_background&quot;:&quot;classic&quot;}\">\n\t\t\t\t\t<div class=\"e-con-inner\">\n\t\t<div class=\"elementor-element elementor-element-4c94ddd e-con-full e-flex e-con e-child\" data-id=\"4c94ddd\" data-element_type=\"container\">\n\t\t\t\t<div class=\"elementor-element elementor-element-3a76029 elementor-widget elementor-widget-image\" data-id=\"3a76029\" data-element_type=\"widget\" data-widget_type=\"image.default\">\n\t\t\t\t\t\t\t\t\t\t\t\t\t\t\t<img decoding=\"async\" width=\"576\" height=\"546\" src=\"https:\/\/ppa3.batera.fr\/wp-content\/uploads\/2025\/12\/Capture-decran-2025-12-02-a-11.22.46.png\" class=\"attachment-large size-large wp-image-180\" alt=\"\" srcset=\"https:\/\/ppa3.batera.fr\/wp-content\/uploads\/2025\/12\/Capture-decran-2025-12-02-a-11.22.46.png 576w, https:\/\/ppa3.batera.fr\/wp-content\/uploads\/2025\/12\/Capture-decran-2025-12-02-a-11.22.46-300x284.png 300w\" sizes=\"(max-width: 576px) 100vw, 576px\" \/>\t\t\t\t\t\t\t\t\t\t\t\t\t\t\t<\/div>\n\t\t\t\t<\/div>\n\t\t<div class=\"elementor-element elementor-element-ca03d04 e-con-full e-flex e-con e-child\" data-id=\"ca03d04\" data-element_type=\"container\">\n\t\t<div class=\"elementor-element elementor-element-8bff122 e-con-full e-flex e-con e-child\" data-id=\"8bff122\" data-element_type=\"container\">\n\t\t\t\t<div class=\"elementor-element elementor-element-688a83c elementor-widget elementor-widget-heading\" data-id=\"688a83c\" data-element_type=\"widget\" data-widget_type=\"heading.default\">\n\t\t\t\t\t<h2 class=\"elementor-heading-title elementor-size-default\">Clara \u2013 Plantes aquatiques &amp; bassins naturels<\/h2>\t\t\t\t<\/div>\n\t\t\t\t<\/div>\n\t\t<div class=\"elementor-element elementor-element-7c18f70 e-con-full e-flex e-con e-child\" data-id=\"7c18f70\" data-element_type=\"container\">\n\t\t\t\t<div class=\"elementor-element elementor-element-aded834 elementor-widget__width-initial elementor-widget elementor-widget-text-editor\" data-id=\"aded834\" data-element_type=\"widget\" data-widget_type=\"text-editor.default\">\n\t\t\t\t\t\t\t\t\t<p>Clara est la r\u00e9f\u00e9rence de l\u2019\u00e9quipe d\u00e8s qu\u2019il s\u2019agit d\u2019eau, de biodiversit\u00e9 et de solutions \u00e9cologiques. Experte des bassins de pluie, de la phyto\u00e9puration et des toitures v\u00e9g\u00e9talis\u00e9es, elle imagine des installations o\u00f9 nature et technique se rencontrent.<br data-start=\"1920\" data-end=\"1923\" \/>Curieuse et p\u00e9dagogue, elle aime partager son amour des plantes aquatiques et proposer des solutions durables, esth\u00e9tiques et respectueuses de l\u2019environnement.<\/p>\t\t\t\t\t\t\t\t<\/div>\n\t\t\t\t<\/div>\n\t\t\t\t<\/div>\n\t\t\t\t\t<\/div>\n\t\t\t\t<\/div>\n\t\t<div class=\"elementor-element elementor-element-6c04f97 e-flex e-con-boxed e-con e-parent\" data-id=\"6c04f97\" data-element_type=\"container\">\n\t\t\t\t\t<div class=\"e-con-inner\">\n\t\t\t\t\t<\/div>\n\t\t\t\t<\/div>\n\t\t\t\t<\/div>\n\t\t","protected":false},"excerpt":{"rendered":"<p>Notre \u00e9quipe Derri\u00e8re L\u2019Envie d\u2019un Jardin, il y a une \u00e9quipe passionn\u00e9e qui met toute son \u00e9nergie \u00e0 sublimer les espaces ext\u00e9rieurs depuis plus de treize ans. Chacun apporte son regard, son exp\u00e9rience et sa sensibilit\u00e9 pour donner vie \u00e0 des projets uniques : jardins sur-mesure, bassins aquatiques, am\u00e9nagements paysagers, entretien ou \u00e9lagage. Nous partageons [&hellip;]<\/p>\n","protected":false},"author":1,"featured_media":0,"parent":0,"menu_order":0,"comment_status":"closed","ping_status":"closed","template":"","meta":{"footnotes":""},"class_list":["post-19","page","type-page","status-publish","hentry"],"yoast_head":"<!-- This site is optimized with the Yoast SEO plugin v26.5 - https:\/\/yoast.com\/wordpress\/plugins\/seo\/ -->\n<title>Notre \u00c9quipe \u2013 L\u2019Envie d\u2019un Jardin<\/title>\n<meta name=\"description\" content=\"D\u00e9couvrez nos 3 paysagistes passionn\u00e9s, bas\u00e9s \u00e0 Nantes depuis 13 ans. Une \u00e9quipe chaleureuse et experte pour tous vos projets ext\u00e9rieurs.\" \/>\n<meta name=\"robots\" content=\"index, follow, max-snippet:-1, max-image-preview:large, max-video-preview:-1\" \/>\n<link rel=\"canonical\" href=\"https:\/\/ppa3.batera.fr\/index.php\/notre-histoire\/\" \/>\n<meta property=\"og:locale\" content=\"fr_FR\" \/>\n<meta property=\"og:type\" content=\"article\" \/>\n<meta property=\"og:title\" content=\"Notre \u00c9quipe \u2013 L\u2019Envie d\u2019un Jardin\" \/>\n<meta property=\"og:description\" content=\"D\u00e9couvrez nos 3 paysagistes passionn\u00e9s, bas\u00e9s \u00e0 Nantes depuis 13 ans. Une \u00e9quipe chaleureuse et experte pour tous vos projets ext\u00e9rieurs.\" \/>\n<meta property=\"og:url\" content=\"https:\/\/ppa3.batera.fr\/index.php\/notre-histoire\/\" \/>\n<meta property=\"og:site_name\" content=\"WordPress\" \/>\n<meta property=\"article:modified_time\" content=\"2025-12-04T15:24:34+00:00\" \/>\n<meta property=\"og:image\" content=\"http:\/\/ppa3.batera.fr\/wp-content\/uploads\/2025\/12\/Capture-decran-2025-12-02-a-11.23.01.png\" \/>\n<meta name=\"twitter:card\" content=\"summary_large_image\" \/>\n<meta name=\"twitter:label1\" content=\"Dur\u00e9e de lecture estim\u00e9e\" \/>\n\t<meta name=\"twitter:data1\" content=\"3 minutes\" \/>\n<script type=\"application\/ld+json\" class=\"yoast-schema-graph\">{\"@context\":\"https:\/\/schema.org\",\"@graph\":[{\"@type\":\"WebPage\",\"@id\":\"https:\/\/ppa3.batera.fr\/index.php\/notre-histoire\/\",\"url\":\"https:\/\/ppa3.batera.fr\/index.php\/notre-histoire\/\",\"name\":\"Notre \u00c9quipe \u2013 L\u2019Envie d\u2019un Jardin\",\"isPartOf\":{\"@id\":\"https:\/\/ppa3.batera.fr\/#website\"},\"primaryImageOfPage\":{\"@id\":\"https:\/\/ppa3.batera.fr\/index.php\/notre-histoire\/#primaryimage\"},\"image\":{\"@id\":\"https:\/\/ppa3.batera.fr\/index.php\/notre-histoire\/#primaryimage\"},\"thumbnailUrl\":\"http:\/\/ppa3.batera.fr\/wp-content\/uploads\/2025\/12\/Capture-decran-2025-12-02-a-11.23.01.png\",\"datePublished\":\"2025-12-01T10:51:19+00:00\",\"dateModified\":\"2025-12-04T15:24:34+00:00\",\"description\":\"D\u00e9couvrez nos 3 paysagistes passionn\u00e9s, bas\u00e9s \u00e0 Nantes depuis 13 ans. Une \u00e9quipe chaleureuse et experte pour tous vos projets ext\u00e9rieurs.\",\"breadcrumb\":{\"@id\":\"https:\/\/ppa3.batera.fr\/index.php\/notre-histoire\/#breadcrumb\"},\"inLanguage\":\"fr-FR\",\"potentialAction\":[{\"@type\":\"ReadAction\",\"target\":[\"https:\/\/ppa3.batera.fr\/index.php\/notre-histoire\/\"]}]},{\"@type\":\"ImageObject\",\"inLanguage\":\"fr-FR\",\"@id\":\"https:\/\/ppa3.batera.fr\/index.php\/notre-histoire\/#primaryimage\",\"url\":\"http:\/\/ppa3.batera.fr\/wp-content\/uploads\/2025\/12\/Capture-decran-2025-12-02-a-11.23.01.png\",\"contentUrl\":\"http:\/\/ppa3.batera.fr\/wp-content\/uploads\/2025\/12\/Capture-decran-2025-12-02-a-11.23.01.png\"},{\"@type\":\"BreadcrumbList\",\"@id\":\"https:\/\/ppa3.batera.fr\/index.php\/notre-histoire\/#breadcrumb\",\"itemListElement\":[{\"@type\":\"ListItem\",\"position\":1,\"name\":\"Accueil\",\"item\":\"https:\/\/ppa3.batera.fr\/\"},{\"@type\":\"ListItem\",\"position\":2,\"name\":\"Notre Equipe\"}]},{\"@type\":\"WebSite\",\"@id\":\"https:\/\/ppa3.batera.fr\/#website\",\"url\":\"https:\/\/ppa3.batera.fr\/\",\"name\":\"WordPress\",\"description\":\"L\u2019art du paysage au service de votre quotidien\",\"publisher\":{\"@id\":\"https:\/\/ppa3.batera.fr\/#organization\"},\"potentialAction\":[{\"@type\":\"SearchAction\",\"target\":{\"@type\":\"EntryPoint\",\"urlTemplate\":\"https:\/\/ppa3.batera.fr\/?s={search_term_string}\"},\"query-input\":{\"@type\":\"PropertyValueSpecification\",\"valueRequired\":true,\"valueName\":\"search_term_string\"}}],\"inLanguage\":\"fr-FR\"},{\"@type\":\"Organization\",\"@id\":\"https:\/\/ppa3.batera.fr\/#organization\",\"name\":\"WordPress\",\"url\":\"https:\/\/ppa3.batera.fr\/\",\"logo\":{\"@type\":\"ImageObject\",\"inLanguage\":\"fr-FR\",\"@id\":\"https:\/\/ppa3.batera.fr\/#\/schema\/logo\/image\/\",\"url\":\"https:\/\/ppa3.batera.fr\/wp-content\/uploads\/2025\/12\/Capture-decran-2025-12-01-a-12.11.31.png\",\"contentUrl\":\"https:\/\/ppa3.batera.fr\/wp-content\/uploads\/2025\/12\/Capture-decran-2025-12-01-a-12.11.31.png\",\"width\":268,\"height\":268,\"caption\":\"WordPress\"},\"image\":{\"@id\":\"https:\/\/ppa3.batera.fr\/#\/schema\/logo\/image\/\"}}]}<\/script>\n<!-- \/ Yoast SEO plugin. -->","yoast_head_json":{"title":"Notre \u00c9quipe \u2013 L\u2019Envie d\u2019un Jardin","description":"D\u00e9couvrez nos 3 paysagistes passionn\u00e9s, bas\u00e9s \u00e0 Nantes depuis 13 ans. Une \u00e9quipe chaleureuse et experte pour tous vos projets ext\u00e9rieurs.","robots":{"index":"index","follow":"follow","max-snippet":"max-snippet:-1","max-image-preview":"max-image-preview:large","max-video-preview":"max-video-preview:-1"},"canonical":"https:\/\/ppa3.batera.fr\/index.php\/notre-histoire\/","og_locale":"fr_FR","og_type":"article","og_title":"Notre \u00c9quipe \u2013 L\u2019Envie d\u2019un Jardin","og_description":"D\u00e9couvrez nos 3 paysagistes passionn\u00e9s, bas\u00e9s \u00e0 Nantes depuis 13 ans. Une \u00e9quipe chaleureuse et experte pour tous vos projets ext\u00e9rieurs.","og_url":"https:\/\/ppa3.batera.fr\/index.php\/notre-histoire\/","og_site_name":"WordPress","article_modified_time":"2025-12-04T15:24:34+00:00","og_image":[{"url":"http:\/\/ppa3.batera.fr\/wp-content\/uploads\/2025\/12\/Capture-decran-2025-12-02-a-11.23.01.png","type":"","width":"","height":""}],"twitter_card":"summary_large_image","twitter_misc":{"Dur\u00e9e de lecture estim\u00e9e":"3 minutes"},"schema":{"@context":"https:\/\/schema.org","@graph":[{"@type":"WebPage","@id":"https:\/\/ppa3.batera.fr\/index.php\/notre-histoire\/","url":"https:\/\/ppa3.batera.fr\/index.php\/notre-histoire\/","name":"Notre \u00c9quipe \u2013 L\u2019Envie d\u2019un Jardin","isPartOf":{"@id":"https:\/\/ppa3.batera.fr\/#website"},"primaryImageOfPage":{"@id":"https:\/\/ppa3.batera.fr\/index.php\/notre-histoire\/#primaryimage"},"image":{"@id":"https:\/\/ppa3.batera.fr\/index.php\/notre-histoire\/#primaryimage"},"thumbnailUrl":"http:\/\/ppa3.batera.fr\/wp-content\/uploads\/2025\/12\/Capture-decran-2025-12-02-a-11.23.01.png","datePublished":"2025-12-01T10:51:19+00:00","dateModified":"2025-12-04T15:24:34+00:00","description":"D\u00e9couvrez nos 3 paysagistes passionn\u00e9s, bas\u00e9s \u00e0 Nantes depuis 13 ans. Une \u00e9quipe chaleureuse et experte pour tous vos projets ext\u00e9rieurs.","breadcrumb":{"@id":"https:\/\/ppa3.batera.fr\/index.php\/notre-histoire\/#breadcrumb"},"inLanguage":"fr-FR","potentialAction":[{"@type":"ReadAction","target":["https:\/\/ppa3.batera.fr\/index.php\/notre-histoire\/"]}]},{"@type":"ImageObject","inLanguage":"fr-FR","@id":"https:\/\/ppa3.batera.fr\/index.php\/notre-histoire\/#primaryimage","url":"http:\/\/ppa3.batera.fr\/wp-content\/uploads\/2025\/12\/Capture-decran-2025-12-02-a-11.23.01.png","contentUrl":"http:\/\/ppa3.batera.fr\/wp-content\/uploads\/2025\/12\/Capture-decran-2025-12-02-a-11.23.01.png"},{"@type":"BreadcrumbList","@id":"https:\/\/ppa3.batera.fr\/index.php\/notre-histoire\/#breadcrumb","itemListElement":[{"@type":"ListItem","position":1,"name":"Accueil","item":"https:\/\/ppa3.batera.fr\/"},{"@type":"ListItem","position":2,"name":"Notre Equipe"}]},{"@type":"WebSite","@id":"https:\/\/ppa3.batera.fr\/#website","url":"https:\/\/ppa3.batera.fr\/","name":"WordPress","description":"L\u2019art du paysage au service de votre quotidien","publisher":{"@id":"https:\/\/ppa3.batera.fr\/#organization"},"potentialAction":[{"@type":"SearchAction","target":{"@type":"EntryPoint","urlTemplate":"https:\/\/ppa3.batera.fr\/?s={search_term_string}"},"query-input":{"@type":"PropertyValueSpecification","valueRequired":true,"valueName":"search_term_string"}}],"inLanguage":"fr-FR"},{"@type":"Organization","@id":"https:\/\/ppa3.batera.fr\/#organization","name":"WordPress","url":"https:\/\/ppa3.batera.fr\/","logo":{"@type":"ImageObject","inLanguage":"fr-FR","@id":"https:\/\/ppa3.batera.fr\/#\/schema\/logo\/image\/","url":"https:\/\/ppa3.batera.fr\/wp-content\/uploads\/2025\/12\/Capture-decran-2025-12-01-a-12.11.31.png","contentUrl":"https:\/\/ppa3.batera.fr\/wp-content\/uploads\/2025\/12\/Capture-decran-2025-12-01-a-12.11.31.png","width":268,"height":268,"caption":"WordPress"},"image":{"@id":"https:\/\/ppa3.batera.fr\/#\/schema\/logo\/image\/"}}]}},"_links":{"self":[{"href":"https:\/\/ppa3.batera.fr\/index.php\/wp-json\/wp\/v2\/pages\/19","targetHints":{"allow":["GET"]}}],"collection":[{"href":"https:\/\/ppa3.batera.fr\/index.php\/wp-json\/wp\/v2\/pages"}],"about":[{"href":"https:\/\/ppa3.batera.fr\/index.php\/wp-json\/wp\/v2\/types\/page"}],"author":[{"embeddable":true,"href":"https:\/\/ppa3.batera.fr\/index.php\/wp-json\/wp\/v2\/users\/1"}],"replies":[{"embeddable":true,"href":"https:\/\/ppa3.batera.fr\/index.php\/wp-json\/wp\/v2\/comments?post=19"}],"version-history":[{"count":8,"href":"https:\/\/ppa3.batera.fr\/index.php\/wp-json\/wp\/v2\/pages\/19\/revisions"}],"predecessor-version":[{"id":195,"href":"https:\/\/ppa3.batera.fr\/index.php\/wp-json\/wp\/v2\/pages\/19\/revisions\/195"}],"wp:attachment":[{"href":"https:\/\/ppa3.batera.fr\/index.php\/wp-json\/wp\/v2\/media?parent=19"}],"curies":[{"name":"wp","href":"https:\/\/api.w.org\/{rel}","templated":true}]}}