{"id":25,"date":"2025-12-01T10:54:25","date_gmt":"2025-12-01T10:54:25","guid":{"rendered":"http:\/\/ppa3.batera.fr\/?page_id=25"},"modified":"2025-12-04T13:51:31","modified_gmt":"2025-12-04T13:51:31","slug":"creation","status":"publish","type":"page","link":"https:\/\/ppa3.batera.fr\/index.php\/creation\/","title":{"rendered":"Cr\u00e9ation d&rsquo;espaces"},"content":{"rendered":"\n<h2 class=\"wp-block-heading\">Am\u00e9nagement paysager \u00e0 Nantes<\/h2>\n\n\n\n<p>L&rsquo;envie d&rsquo;un Jardin, entreprise sp\u00e9cialis\u00e9e dans l&rsquo;entretien des espaces verts et les plantes aquatiques, vous propose un service d&rsquo;am\u00e9nagement paysager.<\/p>\n\n\n\n<h2 class=\"wp-block-heading\">L&rsquo;am\u00e9nagement paysager<\/h2>\n\n\n\n<p>L&rsquo;am\u00e9nagement paysager consiste \u00e0 penser l&rsquo;espace vert de mani\u00e8re artistique et scientifique, afin de tirer le meilleur des plantes et des v\u00e9g\u00e9taux. Ainsi, nous cr\u00e9ons et r\u00e9am\u00e9nageons compl\u00e8tement vos espaces ext\u00e9rieurs afin d&rsquo;en faire un lieu \u00e0 votre image, en accord avec les contraintes li\u00e9es \u00e0 votre espace (sol, vis-\u00e0-vis, etc.).<br>Voici les missions que nous r\u00e9alisons pour vous :<\/p>\n\n\n\n<ul class=\"wp-block-list\">\n<li>R\u00e9am\u00e9nagement de massif<\/li>\n\n\n\n<li>Engazonnement<\/li>\n\n\n\n<li>Plantations<\/li>\n\n\n\n<li>Petits travaux de ma\u00e7onnerie<\/li>\n\n\n\n<li>Mises en place de paillage<\/li>\n<\/ul>\n\n\n\n<h2 class=\"wp-block-heading has-text-align-center\">Nos cr\u00e9ations <\/h2>\n\n\n\n<p class=\"has-text-align-center\">L&rsquo;\u00e9quipe de L&rsquo;envie d&rsquo;un Jardin est ravie de vous pr\u00e9senter ses cr\u00e9ations en images. <\/p>\n\n\n\n<p class=\"has-text-align-center\">D\u00e9couvrez quelques-uns des jardins pour lesquels nous avons effectu\u00e9 un am\u00e9nagement paysager total.<\/p>\n\n\n\n<figure class=\"wp-block-gallery has-nested-images columns-default is-cropped wp-block-gallery-1 is-layout-flex wp-block-gallery-is-layout-flex\">\n<figure class=\"wp-block-image size-large\"><img fetchpriority=\"high\" decoding=\"async\" width=\"1024\" height=\"770\" data-id=\"519\" src=\"http:\/\/ppa3.batera.fr\/wp-content\/uploads\/2025\/12\/1-creation-jardin--1024x770.jpeg\" alt=\"\" class=\"wp-image-519\" srcset=\"https:\/\/ppa3.batera.fr\/wp-content\/uploads\/2025\/12\/1-creation-jardin--1024x770.jpeg 1024w, https:\/\/ppa3.batera.fr\/wp-content\/uploads\/2025\/12\/1-creation-jardin--300x225.jpeg 300w, https:\/\/ppa3.batera.fr\/wp-content\/uploads\/2025\/12\/1-creation-jardin--768x577.jpeg 768w, https:\/\/ppa3.batera.fr\/wp-content\/uploads\/2025\/12\/1-creation-jardin--1536x1154.jpeg 1536w, https:\/\/ppa3.batera.fr\/wp-content\/uploads\/2025\/12\/1-creation-jardin-.jpeg 1920w\" sizes=\"(max-width: 1024px) 100vw, 1024px\" \/><\/figure>\n\n\n\n<figure class=\"wp-block-image size-large\"><img decoding=\"async\" width=\"1024\" height=\"684\" data-id=\"520\" src=\"http:\/\/ppa3.batera.fr\/wp-content\/uploads\/2025\/12\/2-creation-de-jardin--1024x684.png\" alt=\"\" class=\"wp-image-520\" srcset=\"https:\/\/ppa3.batera.fr\/wp-content\/uploads\/2025\/12\/2-creation-de-jardin--1024x684.png 1024w, https:\/\/ppa3.batera.fr\/wp-content\/uploads\/2025\/12\/2-creation-de-jardin--300x200.png 300w, https:\/\/ppa3.batera.fr\/wp-content\/uploads\/2025\/12\/2-creation-de-jardin--768x513.png 768w, https:\/\/ppa3.batera.fr\/wp-content\/uploads\/2025\/12\/2-creation-de-jardin-.png 1200w\" sizes=\"(max-width: 1024px) 100vw, 1024px\" \/><\/figure>\n\n\n\n<figure class=\"wp-block-image size-large\"><img decoding=\"async\" width=\"1024\" height=\"576\" data-id=\"521\" src=\"http:\/\/ppa3.batera.fr\/wp-content\/uploads\/2025\/12\/3-creation-jardin--1024x576.webp\" alt=\"\" class=\"wp-image-521\" srcset=\"https:\/\/ppa3.batera.fr\/wp-content\/uploads\/2025\/12\/3-creation-jardin--1024x576.webp 1024w, https:\/\/ppa3.batera.fr\/wp-content\/uploads\/2025\/12\/3-creation-jardin--300x169.webp 300w, https:\/\/ppa3.batera.fr\/wp-content\/uploads\/2025\/12\/3-creation-jardin--768x432.webp 768w, https:\/\/ppa3.batera.fr\/wp-content\/uploads\/2025\/12\/3-creation-jardin--1536x864.webp 1536w, https:\/\/ppa3.batera.fr\/wp-content\/uploads\/2025\/12\/3-creation-jardin-.webp 1921w\" sizes=\"(max-width: 1024px) 100vw, 1024px\" \/><\/figure>\n\n\n\n<figure class=\"wp-block-image size-large\"><img loading=\"lazy\" decoding=\"async\" width=\"1024\" height=\"574\" data-id=\"522\" src=\"http:\/\/ppa3.batera.fr\/wp-content\/uploads\/2025\/12\/4-creation-jardin--1024x574.png\" alt=\"\" class=\"wp-image-522\" srcset=\"https:\/\/ppa3.batera.fr\/wp-content\/uploads\/2025\/12\/4-creation-jardin--1024x574.png 1024w, https:\/\/ppa3.batera.fr\/wp-content\/uploads\/2025\/12\/4-creation-jardin--300x168.png 300w, https:\/\/ppa3.batera.fr\/wp-content\/uploads\/2025\/12\/4-creation-jardin--768x430.png 768w, https:\/\/ppa3.batera.fr\/wp-content\/uploads\/2025\/12\/4-creation-jardin-.png 1456w\" sizes=\"(max-width: 1024px) 100vw, 1024px\" \/><\/figure>\n\n\n\n<figure class=\"wp-block-image size-large\"><img loading=\"lazy\" decoding=\"async\" width=\"1024\" height=\"683\" data-id=\"523\" src=\"http:\/\/ppa3.batera.fr\/wp-content\/uploads\/2025\/12\/6-creation-jardin--1024x683.jpeg\" alt=\"\" class=\"wp-image-523\" srcset=\"https:\/\/ppa3.batera.fr\/wp-content\/uploads\/2025\/12\/6-creation-jardin--1024x683.jpeg 1024w, https:\/\/ppa3.batera.fr\/wp-content\/uploads\/2025\/12\/6-creation-jardin--300x200.jpeg 300w, https:\/\/ppa3.batera.fr\/wp-content\/uploads\/2025\/12\/6-creation-jardin--768x512.jpeg 768w, https:\/\/ppa3.batera.fr\/wp-content\/uploads\/2025\/12\/6-creation-jardin-.jpeg 1280w\" sizes=\"(max-width: 1024px) 100vw, 1024px\" \/><\/figure>\n<\/figure>\n","protected":false},"excerpt":{"rendered":"<p>Am\u00e9nagement paysager \u00e0 Nantes L&rsquo;envie d&rsquo;un Jardin, entreprise sp\u00e9cialis\u00e9e dans l&rsquo;entretien des espaces verts et les plantes aquatiques, vous propose un service d&rsquo;am\u00e9nagement paysager. L&rsquo;am\u00e9nagement paysager L&rsquo;am\u00e9nagement paysager consiste \u00e0 penser l&rsquo;espace vert de mani\u00e8re artistique et scientifique, afin de tirer le meilleur des plantes et des v\u00e9g\u00e9taux. Ainsi, nous cr\u00e9ons et r\u00e9am\u00e9nageons compl\u00e8tement vos [&hellip;]<\/p>\n","protected":false},"author":1,"featured_media":112,"parent":0,"menu_order":0,"comment_status":"closed","ping_status":"closed","template":"","meta":{"footnotes":""},"class_list":["post-25","page","type-page","status-publish","has-post-thumbnail","hentry"],"yoast_head":"<!-- This site is optimized with the Yoast SEO plugin v26.5 - https:\/\/yoast.com\/wordpress\/plugins\/seo\/ -->\n<title>Cr\u00e9ation de Jardins &amp; Am\u00e9nagements | L\u2019Envie d\u2019un Jardin Nantes<\/title>\n<meta name=\"description\" content=\"Cr\u00e9ation de jardins personnalis\u00e9s, terrasses et am\u00e9nagements paysagers. L\u2019Envie d\u2019un Jardin fa\u00e7onne des espaces uniques en Loire-Atlantique.\" \/>\n<meta name=\"robots\" content=\"index, follow, max-snippet:-1, max-image-preview:large, max-video-preview:-1\" \/>\n<link rel=\"canonical\" href=\"https:\/\/ppa3.batera.fr\/index.php\/creation\/\" \/>\n<meta property=\"og:locale\" content=\"fr_FR\" \/>\n<meta property=\"og:type\" content=\"article\" \/>\n<meta property=\"og:title\" content=\"Cr\u00e9ation de Jardins &amp; Am\u00e9nagements | L\u2019Envie d\u2019un Jardin Nantes\" \/>\n<meta property=\"og:description\" content=\"Cr\u00e9ation de jardins personnalis\u00e9s, terrasses et am\u00e9nagements paysagers. L\u2019Envie d\u2019un Jardin fa\u00e7onne des espaces uniques en Loire-Atlantique.\" \/>\n<meta property=\"og:url\" content=\"https:\/\/ppa3.batera.fr\/index.php\/creation\/\" \/>\n<meta property=\"og:site_name\" content=\"WordPress\" \/>\n<meta property=\"article:modified_time\" content=\"2025-12-04T13:51:31+00:00\" \/>\n<meta property=\"og:image\" content=\"https:\/\/ppa3.batera.fr\/wp-content\/uploads\/2025\/12\/worker-is-cutting-grass-with-hose-scaled.jpg\" \/>\n\t<meta property=\"og:image:width\" content=\"2560\" \/>\n\t<meta property=\"og:image:height\" content=\"1330\" \/>\n\t<meta property=\"og:image:type\" content=\"image\/jpeg\" \/>\n<meta name=\"twitter:card\" content=\"summary_large_image\" \/>\n<meta name=\"twitter:label1\" content=\"Dur\u00e9e de lecture estim\u00e9e\" \/>\n\t<meta name=\"twitter:data1\" content=\"2 minutes\" \/>\n<script type=\"application\/ld+json\" class=\"yoast-schema-graph\">{\"@context\":\"https:\/\/schema.org\",\"@graph\":[{\"@type\":\"WebPage\",\"@id\":\"https:\/\/ppa3.batera.fr\/index.php\/creation\/\",\"url\":\"https:\/\/ppa3.batera.fr\/index.php\/creation\/\",\"name\":\"Cr\u00e9ation de Jardins & Am\u00e9nagements | L\u2019Envie d\u2019un Jardin Nantes\",\"isPartOf\":{\"@id\":\"https:\/\/ppa3.batera.fr\/#website\"},\"primaryImageOfPage\":{\"@id\":\"https:\/\/ppa3.batera.fr\/index.php\/creation\/#primaryimage\"},\"image\":{\"@id\":\"https:\/\/ppa3.batera.fr\/index.php\/creation\/#primaryimage\"},\"thumbnailUrl\":\"https:\/\/ppa3.batera.fr\/wp-content\/uploads\/2025\/12\/worker-is-cutting-grass-with-hose-scaled.jpg\",\"datePublished\":\"2025-12-01T10:54:25+00:00\",\"dateModified\":\"2025-12-04T13:51:31+00:00\",\"description\":\"Cr\u00e9ation de jardins personnalis\u00e9s, terrasses et am\u00e9nagements paysagers. L\u2019Envie d\u2019un Jardin fa\u00e7onne des espaces uniques en Loire-Atlantique.\",\"breadcrumb\":{\"@id\":\"https:\/\/ppa3.batera.fr\/index.php\/creation\/#breadcrumb\"},\"inLanguage\":\"fr-FR\",\"potentialAction\":[{\"@type\":\"ReadAction\",\"target\":[\"https:\/\/ppa3.batera.fr\/index.php\/creation\/\"]}]},{\"@type\":\"ImageObject\",\"inLanguage\":\"fr-FR\",\"@id\":\"https:\/\/ppa3.batera.fr\/index.php\/creation\/#primaryimage\",\"url\":\"https:\/\/ppa3.batera.fr\/wp-content\/uploads\/2025\/12\/worker-is-cutting-grass-with-hose-scaled.jpg\",\"contentUrl\":\"https:\/\/ppa3.batera.fr\/wp-content\/uploads\/2025\/12\/worker-is-cutting-grass-with-hose-scaled.jpg\",\"width\":2560,\"height\":1330,\"caption\":\"Close up of strong man shaping overgrown bushes with electric hedge trimmer during summer time. Gardening and landscaping process.\"},{\"@type\":\"BreadcrumbList\",\"@id\":\"https:\/\/ppa3.batera.fr\/index.php\/creation\/#breadcrumb\",\"itemListElement\":[{\"@type\":\"ListItem\",\"position\":1,\"name\":\"Accueil\",\"item\":\"https:\/\/ppa3.batera.fr\/\"},{\"@type\":\"ListItem\",\"position\":2,\"name\":\"Cr\u00e9ation d&rsquo;espaces\"}]},{\"@type\":\"WebSite\",\"@id\":\"https:\/\/ppa3.batera.fr\/#website\",\"url\":\"https:\/\/ppa3.batera.fr\/\",\"name\":\"WordPress\",\"description\":\"L\u2019art du paysage au service de votre quotidien\",\"publisher\":{\"@id\":\"https:\/\/ppa3.batera.fr\/#organization\"},\"potentialAction\":[{\"@type\":\"SearchAction\",\"target\":{\"@type\":\"EntryPoint\",\"urlTemplate\":\"https:\/\/ppa3.batera.fr\/?s={search_term_string}\"},\"query-input\":{\"@type\":\"PropertyValueSpecification\",\"valueRequired\":true,\"valueName\":\"search_term_string\"}}],\"inLanguage\":\"fr-FR\"},{\"@type\":\"Organization\",\"@id\":\"https:\/\/ppa3.batera.fr\/#organization\",\"name\":\"WordPress\",\"url\":\"https:\/\/ppa3.batera.fr\/\",\"logo\":{\"@type\":\"ImageObject\",\"inLanguage\":\"fr-FR\",\"@id\":\"https:\/\/ppa3.batera.fr\/#\/schema\/logo\/image\/\",\"url\":\"https:\/\/ppa3.batera.fr\/wp-content\/uploads\/2025\/12\/Capture-decran-2025-12-01-a-12.11.31.png\",\"contentUrl\":\"https:\/\/ppa3.batera.fr\/wp-content\/uploads\/2025\/12\/Capture-decran-2025-12-01-a-12.11.31.png\",\"width\":268,\"height\":268,\"caption\":\"WordPress\"},\"image\":{\"@id\":\"https:\/\/ppa3.batera.fr\/#\/schema\/logo\/image\/\"}}]}<\/script>\n<!-- \/ Yoast SEO plugin. -->","yoast_head_json":{"title":"Cr\u00e9ation de Jardins & Am\u00e9nagements | L\u2019Envie d\u2019un Jardin Nantes","description":"Cr\u00e9ation de jardins personnalis\u00e9s, terrasses et am\u00e9nagements paysagers. L\u2019Envie d\u2019un Jardin fa\u00e7onne des espaces uniques en Loire-Atlantique.","robots":{"index":"index","follow":"follow","max-snippet":"max-snippet:-1","max-image-preview":"max-image-preview:large","max-video-preview":"max-video-preview:-1"},"canonical":"https:\/\/ppa3.batera.fr\/index.php\/creation\/","og_locale":"fr_FR","og_type":"article","og_title":"Cr\u00e9ation de Jardins & Am\u00e9nagements | L\u2019Envie d\u2019un Jardin Nantes","og_description":"Cr\u00e9ation de jardins personnalis\u00e9s, terrasses et am\u00e9nagements paysagers. L\u2019Envie d\u2019un Jardin fa\u00e7onne des espaces uniques en Loire-Atlantique.","og_url":"https:\/\/ppa3.batera.fr\/index.php\/creation\/","og_site_name":"WordPress","article_modified_time":"2025-12-04T13:51:31+00:00","og_image":[{"width":2560,"height":1330,"url":"https:\/\/ppa3.batera.fr\/wp-content\/uploads\/2025\/12\/worker-is-cutting-grass-with-hose-scaled.jpg","type":"image\/jpeg"}],"twitter_card":"summary_large_image","twitter_misc":{"Dur\u00e9e de lecture estim\u00e9e":"2 minutes"},"schema":{"@context":"https:\/\/schema.org","@graph":[{"@type":"WebPage","@id":"https:\/\/ppa3.batera.fr\/index.php\/creation\/","url":"https:\/\/ppa3.batera.fr\/index.php\/creation\/","name":"Cr\u00e9ation de Jardins & Am\u00e9nagements | L\u2019Envie d\u2019un Jardin Nantes","isPartOf":{"@id":"https:\/\/ppa3.batera.fr\/#website"},"primaryImageOfPage":{"@id":"https:\/\/ppa3.batera.fr\/index.php\/creation\/#primaryimage"},"image":{"@id":"https:\/\/ppa3.batera.fr\/index.php\/creation\/#primaryimage"},"thumbnailUrl":"https:\/\/ppa3.batera.fr\/wp-content\/uploads\/2025\/12\/worker-is-cutting-grass-with-hose-scaled.jpg","datePublished":"2025-12-01T10:54:25+00:00","dateModified":"2025-12-04T13:51:31+00:00","description":"Cr\u00e9ation de jardins personnalis\u00e9s, terrasses et am\u00e9nagements paysagers. L\u2019Envie d\u2019un Jardin fa\u00e7onne des espaces uniques en Loire-Atlantique.","breadcrumb":{"@id":"https:\/\/ppa3.batera.fr\/index.php\/creation\/#breadcrumb"},"inLanguage":"fr-FR","potentialAction":[{"@type":"ReadAction","target":["https:\/\/ppa3.batera.fr\/index.php\/creation\/"]}]},{"@type":"ImageObject","inLanguage":"fr-FR","@id":"https:\/\/ppa3.batera.fr\/index.php\/creation\/#primaryimage","url":"https:\/\/ppa3.batera.fr\/wp-content\/uploads\/2025\/12\/worker-is-cutting-grass-with-hose-scaled.jpg","contentUrl":"https:\/\/ppa3.batera.fr\/wp-content\/uploads\/2025\/12\/worker-is-cutting-grass-with-hose-scaled.jpg","width":2560,"height":1330,"caption":"Close up of strong man shaping overgrown bushes with electric hedge trimmer during summer time. Gardening and landscaping process."},{"@type":"BreadcrumbList","@id":"https:\/\/ppa3.batera.fr\/index.php\/creation\/#breadcrumb","itemListElement":[{"@type":"ListItem","position":1,"name":"Accueil","item":"https:\/\/ppa3.batera.fr\/"},{"@type":"ListItem","position":2,"name":"Cr\u00e9ation d&rsquo;espaces"}]},{"@type":"WebSite","@id":"https:\/\/ppa3.batera.fr\/#website","url":"https:\/\/ppa3.batera.fr\/","name":"WordPress","description":"L\u2019art du paysage au service de votre quotidien","publisher":{"@id":"https:\/\/ppa3.batera.fr\/#organization"},"potentialAction":[{"@type":"SearchAction","target":{"@type":"EntryPoint","urlTemplate":"https:\/\/ppa3.batera.fr\/?s={search_term_string}"},"query-input":{"@type":"PropertyValueSpecification","valueRequired":true,"valueName":"search_term_string"}}],"inLanguage":"fr-FR"},{"@type":"Organization","@id":"https:\/\/ppa3.batera.fr\/#organization","name":"WordPress","url":"https:\/\/ppa3.batera.fr\/","logo":{"@type":"ImageObject","inLanguage":"fr-FR","@id":"https:\/\/ppa3.batera.fr\/#\/schema\/logo\/image\/","url":"https:\/\/ppa3.batera.fr\/wp-content\/uploads\/2025\/12\/Capture-decran-2025-12-01-a-12.11.31.png","contentUrl":"https:\/\/ppa3.batera.fr\/wp-content\/uploads\/2025\/12\/Capture-decran-2025-12-01-a-12.11.31.png","width":268,"height":268,"caption":"WordPress"},"image":{"@id":"https:\/\/ppa3.batera.fr\/#\/schema\/logo\/image\/"}}]}},"_links":{"self":[{"href":"https:\/\/ppa3.batera.fr\/index.php\/wp-json\/wp\/v2\/pages\/25","targetHints":{"allow":["GET"]}}],"collection":[{"href":"https:\/\/ppa3.batera.fr\/index.php\/wp-json\/wp\/v2\/pages"}],"about":[{"href":"https:\/\/ppa3.batera.fr\/index.php\/wp-json\/wp\/v2\/types\/page"}],"author":[{"embeddable":true,"href":"https:\/\/ppa3.batera.fr\/index.php\/wp-json\/wp\/v2\/users\/1"}],"replies":[{"embeddable":true,"href":"https:\/\/ppa3.batera.fr\/index.php\/wp-json\/wp\/v2\/comments?post=25"}],"version-history":[{"count":3,"href":"https:\/\/ppa3.batera.fr\/index.php\/wp-json\/wp\/v2\/pages\/25\/revisions"}],"predecessor-version":[{"id":642,"href":"https:\/\/ppa3.batera.fr\/index.php\/wp-json\/wp\/v2\/pages\/25\/revisions\/642"}],"wp:featuredmedia":[{"embeddable":true,"href":"https:\/\/ppa3.batera.fr\/index.php\/wp-json\/wp\/v2\/media\/112"}],"wp:attachment":[{"href":"https:\/\/ppa3.batera.fr\/index.php\/wp-json\/wp\/v2\/media?parent=25"}],"curies":[{"name":"wp","href":"https:\/\/api.w.org\/{rel}","templated":true}]}}