{"id":27,"date":"2025-12-01T10:54:50","date_gmt":"2025-12-01T10:54:50","guid":{"rendered":"http:\/\/ppa3.batera.fr\/?page_id=27"},"modified":"2025-12-04T15:25:29","modified_gmt":"2025-12-04T15:25:29","slug":"plantes-aquatiques","status":"publish","type":"page","link":"https:\/\/ppa3.batera.fr\/index.php\/plantes-aquatiques\/","title":{"rendered":"Plantes aquatiques"},"content":{"rendered":"\n<h2 class=\"wp-block-heading\">La beaut\u00e9 des plantes aquatiques<\/h2>\n\n\n\n<p>Esth\u00e9tique et original, un bassin aquatique contribue \u00e0 l\u2019environnement en favorisant la biodiversit\u00e9 et en purifiant l\u2019air \u00e0 travers la photosynth\u00e8se, mais il apporte \u00e9galement un cachet ind\u00e9niable en transformant aussi vos espaces verts en un joli jardin color\u00e9.<\/p>\n\n\n\n<h2 class=\"wp-block-heading\">La phyto\u00e9puration<\/h2>\n\n\n\n<h2 class=\"wp-block-heading\">Bassins aquatiques<\/h2>\n\n\n\n<p>Nous vous invitons \u00e0 regarder quelques-unes de nos r\u00e9alisations. Nous avons cr\u00e9\u00e9 des bassins aquatiques et utilis\u00e9 des plantes aquatiques. Un petit coin de paradis au bout du jardin.<\/p>\n\n\n\n<p><\/p>\n","protected":false},"excerpt":{"rendered":"<p>L&rsquo;envie d&rsquo;un Jardin, entreprise sp\u00e9cialis\u00e9e dans l&rsquo;am\u00e9nagement et l&rsquo;entretien de vos espaces verts, vous propose un service d\u00e9di\u00e9 aux plantes aquatiques. D\u00e9couvrez l&rsquo;univers fascinant de ces plantes et leur agissement sur la biodiversit\u00e9.<\/p>\n","protected":false},"author":1,"featured_media":358,"parent":0,"menu_order":0,"comment_status":"closed","ping_status":"closed","template":"","meta":{"footnotes":""},"class_list":["post-27","page","type-page","status-publish","has-post-thumbnail","hentry"],"yoast_head":"<!-- This site is optimized with the Yoast SEO plugin v26.5 - https:\/\/yoast.com\/wordpress\/plugins\/seo\/ -->\n<title>Plantes Aquatiques &amp; Bassins \u2013 Nantes<\/title>\n<meta name=\"description\" content=\"Cr\u00e9ation et entretien de bassins et plantes aquatiques. Des espaces naturels et \u00e9quilibr\u00e9s pour votre jardin \u00e0 Nantes et en Loire-Atlantique.\" \/>\n<meta name=\"robots\" content=\"index, follow, max-snippet:-1, max-image-preview:large, max-video-preview:-1\" \/>\n<link rel=\"canonical\" href=\"https:\/\/ppa3.batera.fr\/index.php\/plantes-aquatiques\/\" \/>\n<meta property=\"og:locale\" content=\"fr_FR\" \/>\n<meta property=\"og:type\" content=\"article\" \/>\n<meta property=\"og:title\" content=\"Plantes Aquatiques &amp; Bassins \u2013 Nantes\" \/>\n<meta property=\"og:description\" content=\"Cr\u00e9ation et entretien de bassins et plantes aquatiques. Des espaces naturels et \u00e9quilibr\u00e9s pour votre jardin \u00e0 Nantes et en Loire-Atlantique.\" \/>\n<meta property=\"og:url\" content=\"https:\/\/ppa3.batera.fr\/index.php\/plantes-aquatiques\/\" \/>\n<meta property=\"og:site_name\" content=\"WordPress\" \/>\n<meta property=\"article:modified_time\" content=\"2025-12-04T15:25:29+00:00\" \/>\n<meta property=\"og:image\" content=\"https:\/\/ppa3.batera.fr\/wp-content\/uploads\/2025\/12\/10-plantes-aquatiques-pour-vegetaliser-les-abords-d-un-bassin-1.jpg\" \/>\n\t<meta property=\"og:image:width\" content=\"1920\" \/>\n\t<meta property=\"og:image:height\" content=\"1248\" \/>\n\t<meta property=\"og:image:type\" content=\"image\/jpeg\" \/>\n<meta name=\"twitter:card\" content=\"summary_large_image\" \/>\n<meta name=\"twitter:label1\" content=\"Dur\u00e9e de lecture estim\u00e9e\" \/>\n\t<meta name=\"twitter:data1\" content=\"1 minute\" \/>\n<script type=\"application\/ld+json\" class=\"yoast-schema-graph\">{\"@context\":\"https:\/\/schema.org\",\"@graph\":[{\"@type\":\"WebPage\",\"@id\":\"https:\/\/ppa3.batera.fr\/index.php\/plantes-aquatiques\/\",\"url\":\"https:\/\/ppa3.batera.fr\/index.php\/plantes-aquatiques\/\",\"name\":\"Plantes Aquatiques & Bassins \u2013 Nantes\",\"isPartOf\":{\"@id\":\"https:\/\/ppa3.batera.fr\/#website\"},\"primaryImageOfPage\":{\"@id\":\"https:\/\/ppa3.batera.fr\/index.php\/plantes-aquatiques\/#primaryimage\"},\"image\":{\"@id\":\"https:\/\/ppa3.batera.fr\/index.php\/plantes-aquatiques\/#primaryimage\"},\"thumbnailUrl\":\"https:\/\/ppa3.batera.fr\/wp-content\/uploads\/2025\/12\/10-plantes-aquatiques-pour-vegetaliser-les-abords-d-un-bassin-1.jpg\",\"datePublished\":\"2025-12-01T10:54:50+00:00\",\"dateModified\":\"2025-12-04T15:25:29+00:00\",\"description\":\"Cr\u00e9ation et entretien de bassins et plantes aquatiques. Des espaces naturels et \u00e9quilibr\u00e9s pour votre jardin \u00e0 Nantes et en Loire-Atlantique.\",\"breadcrumb\":{\"@id\":\"https:\/\/ppa3.batera.fr\/index.php\/plantes-aquatiques\/#breadcrumb\"},\"inLanguage\":\"fr-FR\",\"potentialAction\":[{\"@type\":\"ReadAction\",\"target\":[\"https:\/\/ppa3.batera.fr\/index.php\/plantes-aquatiques\/\"]}]},{\"@type\":\"ImageObject\",\"inLanguage\":\"fr-FR\",\"@id\":\"https:\/\/ppa3.batera.fr\/index.php\/plantes-aquatiques\/#primaryimage\",\"url\":\"https:\/\/ppa3.batera.fr\/wp-content\/uploads\/2025\/12\/10-plantes-aquatiques-pour-vegetaliser-les-abords-d-un-bassin-1.jpg\",\"contentUrl\":\"https:\/\/ppa3.batera.fr\/wp-content\/uploads\/2025\/12\/10-plantes-aquatiques-pour-vegetaliser-les-abords-d-un-bassin-1.jpg\",\"width\":1920,\"height\":1248},{\"@type\":\"BreadcrumbList\",\"@id\":\"https:\/\/ppa3.batera.fr\/index.php\/plantes-aquatiques\/#breadcrumb\",\"itemListElement\":[{\"@type\":\"ListItem\",\"position\":1,\"name\":\"Accueil\",\"item\":\"https:\/\/ppa3.batera.fr\/\"},{\"@type\":\"ListItem\",\"position\":2,\"name\":\"Plantes aquatiques\"}]},{\"@type\":\"WebSite\",\"@id\":\"https:\/\/ppa3.batera.fr\/#website\",\"url\":\"https:\/\/ppa3.batera.fr\/\",\"name\":\"WordPress\",\"description\":\"L\u2019art du paysage au service de votre quotidien\",\"publisher\":{\"@id\":\"https:\/\/ppa3.batera.fr\/#organization\"},\"potentialAction\":[{\"@type\":\"SearchAction\",\"target\":{\"@type\":\"EntryPoint\",\"urlTemplate\":\"https:\/\/ppa3.batera.fr\/?s={search_term_string}\"},\"query-input\":{\"@type\":\"PropertyValueSpecification\",\"valueRequired\":true,\"valueName\":\"search_term_string\"}}],\"inLanguage\":\"fr-FR\"},{\"@type\":\"Organization\",\"@id\":\"https:\/\/ppa3.batera.fr\/#organization\",\"name\":\"WordPress\",\"url\":\"https:\/\/ppa3.batera.fr\/\",\"logo\":{\"@type\":\"ImageObject\",\"inLanguage\":\"fr-FR\",\"@id\":\"https:\/\/ppa3.batera.fr\/#\/schema\/logo\/image\/\",\"url\":\"https:\/\/ppa3.batera.fr\/wp-content\/uploads\/2025\/12\/Capture-decran-2025-12-01-a-12.11.31.png\",\"contentUrl\":\"https:\/\/ppa3.batera.fr\/wp-content\/uploads\/2025\/12\/Capture-decran-2025-12-01-a-12.11.31.png\",\"width\":268,\"height\":268,\"caption\":\"WordPress\"},\"image\":{\"@id\":\"https:\/\/ppa3.batera.fr\/#\/schema\/logo\/image\/\"}}]}<\/script>\n<!-- \/ Yoast SEO plugin. -->","yoast_head_json":{"title":"Plantes Aquatiques & Bassins \u2013 Nantes","description":"Cr\u00e9ation et entretien de bassins et plantes aquatiques. Des espaces naturels et \u00e9quilibr\u00e9s pour votre jardin \u00e0 Nantes et en Loire-Atlantique.","robots":{"index":"index","follow":"follow","max-snippet":"max-snippet:-1","max-image-preview":"max-image-preview:large","max-video-preview":"max-video-preview:-1"},"canonical":"https:\/\/ppa3.batera.fr\/index.php\/plantes-aquatiques\/","og_locale":"fr_FR","og_type":"article","og_title":"Plantes Aquatiques & Bassins \u2013 Nantes","og_description":"Cr\u00e9ation et entretien de bassins et plantes aquatiques. Des espaces naturels et \u00e9quilibr\u00e9s pour votre jardin \u00e0 Nantes et en Loire-Atlantique.","og_url":"https:\/\/ppa3.batera.fr\/index.php\/plantes-aquatiques\/","og_site_name":"WordPress","article_modified_time":"2025-12-04T15:25:29+00:00","og_image":[{"width":1920,"height":1248,"url":"https:\/\/ppa3.batera.fr\/wp-content\/uploads\/2025\/12\/10-plantes-aquatiques-pour-vegetaliser-les-abords-d-un-bassin-1.jpg","type":"image\/jpeg"}],"twitter_card":"summary_large_image","twitter_misc":{"Dur\u00e9e de lecture estim\u00e9e":"1 minute"},"schema":{"@context":"https:\/\/schema.org","@graph":[{"@type":"WebPage","@id":"https:\/\/ppa3.batera.fr\/index.php\/plantes-aquatiques\/","url":"https:\/\/ppa3.batera.fr\/index.php\/plantes-aquatiques\/","name":"Plantes Aquatiques & Bassins \u2013 Nantes","isPartOf":{"@id":"https:\/\/ppa3.batera.fr\/#website"},"primaryImageOfPage":{"@id":"https:\/\/ppa3.batera.fr\/index.php\/plantes-aquatiques\/#primaryimage"},"image":{"@id":"https:\/\/ppa3.batera.fr\/index.php\/plantes-aquatiques\/#primaryimage"},"thumbnailUrl":"https:\/\/ppa3.batera.fr\/wp-content\/uploads\/2025\/12\/10-plantes-aquatiques-pour-vegetaliser-les-abords-d-un-bassin-1.jpg","datePublished":"2025-12-01T10:54:50+00:00","dateModified":"2025-12-04T15:25:29+00:00","description":"Cr\u00e9ation et entretien de bassins et plantes aquatiques. Des espaces naturels et \u00e9quilibr\u00e9s pour votre jardin \u00e0 Nantes et en Loire-Atlantique.","breadcrumb":{"@id":"https:\/\/ppa3.batera.fr\/index.php\/plantes-aquatiques\/#breadcrumb"},"inLanguage":"fr-FR","potentialAction":[{"@type":"ReadAction","target":["https:\/\/ppa3.batera.fr\/index.php\/plantes-aquatiques\/"]}]},{"@type":"ImageObject","inLanguage":"fr-FR","@id":"https:\/\/ppa3.batera.fr\/index.php\/plantes-aquatiques\/#primaryimage","url":"https:\/\/ppa3.batera.fr\/wp-content\/uploads\/2025\/12\/10-plantes-aquatiques-pour-vegetaliser-les-abords-d-un-bassin-1.jpg","contentUrl":"https:\/\/ppa3.batera.fr\/wp-content\/uploads\/2025\/12\/10-plantes-aquatiques-pour-vegetaliser-les-abords-d-un-bassin-1.jpg","width":1920,"height":1248},{"@type":"BreadcrumbList","@id":"https:\/\/ppa3.batera.fr\/index.php\/plantes-aquatiques\/#breadcrumb","itemListElement":[{"@type":"ListItem","position":1,"name":"Accueil","item":"https:\/\/ppa3.batera.fr\/"},{"@type":"ListItem","position":2,"name":"Plantes aquatiques"}]},{"@type":"WebSite","@id":"https:\/\/ppa3.batera.fr\/#website","url":"https:\/\/ppa3.batera.fr\/","name":"WordPress","description":"L\u2019art du paysage au service de votre quotidien","publisher":{"@id":"https:\/\/ppa3.batera.fr\/#organization"},"potentialAction":[{"@type":"SearchAction","target":{"@type":"EntryPoint","urlTemplate":"https:\/\/ppa3.batera.fr\/?s={search_term_string}"},"query-input":{"@type":"PropertyValueSpecification","valueRequired":true,"valueName":"search_term_string"}}],"inLanguage":"fr-FR"},{"@type":"Organization","@id":"https:\/\/ppa3.batera.fr\/#organization","name":"WordPress","url":"https:\/\/ppa3.batera.fr\/","logo":{"@type":"ImageObject","inLanguage":"fr-FR","@id":"https:\/\/ppa3.batera.fr\/#\/schema\/logo\/image\/","url":"https:\/\/ppa3.batera.fr\/wp-content\/uploads\/2025\/12\/Capture-decran-2025-12-01-a-12.11.31.png","contentUrl":"https:\/\/ppa3.batera.fr\/wp-content\/uploads\/2025\/12\/Capture-decran-2025-12-01-a-12.11.31.png","width":268,"height":268,"caption":"WordPress"},"image":{"@id":"https:\/\/ppa3.batera.fr\/#\/schema\/logo\/image\/"}}]}},"_links":{"self":[{"href":"https:\/\/ppa3.batera.fr\/index.php\/wp-json\/wp\/v2\/pages\/27","targetHints":{"allow":["GET"]}}],"collection":[{"href":"https:\/\/ppa3.batera.fr\/index.php\/wp-json\/wp\/v2\/pages"}],"about":[{"href":"https:\/\/ppa3.batera.fr\/index.php\/wp-json\/wp\/v2\/types\/page"}],"author":[{"embeddable":true,"href":"https:\/\/ppa3.batera.fr\/index.php\/wp-json\/wp\/v2\/users\/1"}],"replies":[{"embeddable":true,"href":"https:\/\/ppa3.batera.fr\/index.php\/wp-json\/wp\/v2\/comments?post=27"}],"version-history":[{"count":2,"href":"https:\/\/ppa3.batera.fr\/index.php\/wp-json\/wp\/v2\/pages\/27\/revisions"}],"predecessor-version":[{"id":560,"href":"https:\/\/ppa3.batera.fr\/index.php\/wp-json\/wp\/v2\/pages\/27\/revisions\/560"}],"wp:featuredmedia":[{"embeddable":true,"href":"https:\/\/ppa3.batera.fr\/index.php\/wp-json\/wp\/v2\/media\/358"}],"wp:attachment":[{"href":"https:\/\/ppa3.batera.fr\/index.php\/wp-json\/wp\/v2\/media?parent=27"}],"curies":[{"name":"wp","href":"https:\/\/api.w.org\/{rel}","templated":true}]}}