{"id":8,"date":"2025-12-01T10:46:43","date_gmt":"2025-12-01T10:46:43","guid":{"rendered":"https:\/\/ppa3.batera.fr\/?page_id=8"},"modified":"2025-12-04T10:44:42","modified_gmt":"2025-12-04T10:44:42","slug":"accueil","status":"publish","type":"page","link":"https:\/\/ppa3.batera.fr\/","title":{"rendered":"Accueil"},"content":{"rendered":"\t\t<div data-elementor-type=\"wp-page\" data-elementor-id=\"8\" class=\"elementor elementor-8\" data-elementor-post-type=\"page\">\n\t\t\t\t<div class=\"elementor-element elementor-element-37d40f6 e-flex e-con-boxed e-con e-parent\" data-id=\"37d40f6\" data-element_type=\"container\" data-settings=\"{&quot;background_background&quot;:&quot;video&quot;,&quot;background_video_link&quot;:&quot;http:\\\/\\\/ppa3.batera.fr\\\/wp-content\\\/uploads\\\/2025\\\/12\\\/Video-lenvie-dun-jardin-2.mp4&quot;,&quot;shape_divider_bottom&quot;:&quot;waves&quot;,&quot;motion_fx_motion_fx_scrolling&quot;:&quot;yes&quot;,&quot;motion_fx_translateY_effect&quot;:&quot;yes&quot;,&quot;motion_fx_translateY_speed&quot;:{&quot;unit&quot;:&quot;px&quot;,&quot;size&quot;:4.1,&quot;sizes&quot;:[]},&quot;motion_fx_translateY_affectedRange&quot;:{&quot;unit&quot;:&quot;%&quot;,&quot;size&quot;:&quot;&quot;,&quot;sizes&quot;:{&quot;start&quot;:0,&quot;end&quot;:100}},&quot;motion_fx_devices&quot;:[&quot;desktop&quot;,&quot;tablet&quot;,&quot;mobile&quot;]}\">\n\t\t\t\t\t<div class=\"e-con-inner\">\n\t\t<div class=\"elementor-background-video-container elementor-hidden-mobile\" aria-hidden=\"true\">\n\t\t\t\t\t\t\t<video class=\"elementor-background-video-hosted\" autoplay muted playsinline loop><\/video>\n\t\t\t\t\t<\/div>\t\t<div class=\"elementor-shape elementor-shape-bottom\" aria-hidden=\"true\" data-negative=\"false\">\n\t\t\t<svg xmlns=\"http:\/\/www.w3.org\/2000\/svg\" viewBox=\"0 0 1000 100\" preserveAspectRatio=\"none\">\n\t<path class=\"elementor-shape-fill\" d=\"M421.9,6.5c22.6-2.5,51.5,0.4,75.5,5.3c23.6,4.9,70.9,23.5,100.5,35.7c75.8,32.2,133.7,44.5,192.6,49.7\n\tc23.6,2.1,48.7,3.5,103.4-2.5c54.7-6,106.2-25.6,106.2-25.6V0H0v30.3c0,0,72,32.6,158.4,30.5c39.2-0.7,92.8-6.7,134-22.4\n\tc21.2-8.1,52.2-18.2,79.7-24.2C399.3,7.9,411.6,7.5,421.9,6.5z\"\/>\n<\/svg>\t\t<\/div>\n\t\t\t\t\t<\/div>\n\t\t\t\t<\/div>\n\t\t<div class=\"elementor-element elementor-element-0b03e62 e-flex e-con-boxed e-con e-parent\" data-id=\"0b03e62\" data-element_type=\"container\">\n\t\t\t\t\t<div class=\"e-con-inner\">\n\t\t\t\t<div class=\"elementor-element elementor-element-6b1e777 elementor-testimonial--skin-bubble elementor-testimonial--layout-image_inline elementor-testimonial--align-center elementor-arrows-yes elementor-pagination-type-bullets elementor-widget elementor-widget-testimonial-carousel\" data-id=\"6b1e777\" data-element_type=\"widget\" data-settings=\"{&quot;slides_per_view&quot;:&quot;2&quot;,&quot;show_arrows&quot;:&quot;yes&quot;,&quot;pagination&quot;:&quot;bullets&quot;,&quot;speed&quot;:500,&quot;autoplay&quot;:&quot;yes&quot;,&quot;autoplay_speed&quot;:5000,&quot;loop&quot;:&quot;yes&quot;,&quot;pause_on_hover&quot;:&quot;yes&quot;,&quot;pause_on_interaction&quot;:&quot;yes&quot;,&quot;space_between&quot;:{&quot;unit&quot;:&quot;px&quot;,&quot;size&quot;:10,&quot;sizes&quot;:[]},&quot;space_between_tablet&quot;:{&quot;unit&quot;:&quot;px&quot;,&quot;size&quot;:10,&quot;sizes&quot;:[]},&quot;space_between_mobile&quot;:{&quot;unit&quot;:&quot;px&quot;,&quot;size&quot;:10,&quot;sizes&quot;:[]}}\" data-widget_type=\"testimonial-carousel.default\">\n\t\t\t\t\t\t\t\t\t\t<div class=\"elementor-main-swiper swiper\" role=\"region\" aria-roledescription=\"carousel\" aria-label=\"Diapositives\">\n\t\t\t\t<div class=\"swiper-wrapper\">\n\t\t\t\t\t\t\t\t\t\t\t<div class=\"swiper-slide\" role=\"group\" aria-roledescription=\"slide\">\n\t\t\t\t\t\t\t\t\t<div class=\"elementor-testimonial\">\n\t\t\t\t\t\t\t<div class=\"elementor-testimonial__content\">\n\t\t\t\t\t<div class=\"elementor-testimonial__text\">\n\t\t\t\t\t\t\u00ab Intervention parfaite pour l\u2019abattage de deux vieux pins devenus dangereux. L\u2019\u00e9quipe a travaill\u00e9 en s\u00e9curit\u00e9, proprement, et a tout \u00e9vacu\u00e9 rapidement. Ils ont aussi restructur\u00e9 l\u2019\u00e9lagage autour de la maison : le jardin para\u00eet beaucoup plus lumineux. \u00bb\t\t\t\t\t<\/div>\n\t\t\t\t\t\t\t\t\t<\/div>\n\t\t\t\t\t\t<div class=\"elementor-testimonial__footer\">\n\t\t\t\t\t\t\t\t\t<div class=\"elementor-testimonial__image\">\n\t\t\t\t\t\t<img decoding=\"async\" src=\"http:\/\/ppa3.batera.fr\/wp-content\/plugins\/elementor\/assets\/images\/placeholder.png\" alt=\"Sophie L.\">\n\t\t\t\t\t\t\t\t\t\t\t<\/div>\n\t\t\t\t\t\t\t\t<cite class=\"elementor-testimonial__cite\"><span class=\"elementor-testimonial__name\">Sophie L.<\/span><span class=\"elementor-testimonial__title\">Bouaye<\/span><\/cite>\t\t\t<\/div>\n\t\t<\/div>\n\t\t\t\t\t\t\t\t<\/div>\n\t\t\t\t\t\t\t\t\t\t\t<div class=\"swiper-slide\" role=\"group\" aria-roledescription=\"slide\">\n\t\t\t\t\t\t\t\t\t<div class=\"elementor-testimonial\">\n\t\t\t\t\t\t\t<div class=\"elementor-testimonial__content\">\n\t\t\t\t\t<div class=\"elementor-testimonial__text\">\n\t\t\t\t\t\t\u00ab Nous avions un petit bassin envahi de plantes aquatiques. Ils ont r\u00e9alis\u00e9 un nettoyage complet, r\u00e9\u00e9quilibr\u00e9 la v\u00e9g\u00e9tation et ajout\u00e9 quelques esp\u00e8ces d\u00e9coratives. Le bassin est redevenu magnifique, on revoit m\u00eame les poissons ! Travail s\u00e9rieux et soign\u00e9. \u00bb\t\t\t\t\t<\/div>\n\t\t\t\t\t\t\t\t\t<\/div>\n\t\t\t\t\t\t<div class=\"elementor-testimonial__footer\">\n\t\t\t\t\t\t\t\t\t<div class=\"elementor-testimonial__image\">\n\t\t\t\t\t\t<img decoding=\"async\" src=\"http:\/\/ppa3.batera.fr\/wp-content\/plugins\/elementor\/assets\/images\/placeholder.png\" alt=\"Marc T.\">\n\t\t\t\t\t\t\t\t\t\t\t<\/div>\n\t\t\t\t\t\t\t\t<cite class=\"elementor-testimonial__cite\"><span class=\"elementor-testimonial__name\">Marc T.<\/span><span class=\"elementor-testimonial__title\">Saint-Brevin-les-Pins<\/span><\/cite>\t\t\t<\/div>\n\t\t<\/div>\n\t\t\t\t\t\t\t\t<\/div>\n\t\t\t\t\t\t\t\t\t\t\t<div class=\"swiper-slide\" role=\"group\" aria-roledescription=\"slide\">\n\t\t\t\t\t\t\t\t\t<div class=\"elementor-testimonial\">\n\t\t\t\t\t\t\t<div class=\"elementor-testimonial__content\">\n\t\t\t\t\t<div class=\"elementor-testimonial__text\">\n\t\t\t\t\t\t\u00ab Nous voulions un am\u00e9nagement personnalis\u00e9 pour structurer notre terrain. Ils ont cr\u00e9\u00e9 un espace vert sur mesure avec massifs, paillage et plantations adapt\u00e9es \u00e0 notre sol. Le r\u00e9sultat est tr\u00e8s naturel et correspond parfaitement \u00e0 ce qu\u2019on imaginait. \u00bb\t\t\t\t\t<\/div>\n\t\t\t\t\t\t\t\t\t<\/div>\n\t\t\t\t\t\t<div class=\"elementor-testimonial__footer\">\n\t\t\t\t\t\t\t\t\t<div class=\"elementor-testimonial__image\">\n\t\t\t\t\t\t<img decoding=\"async\" src=\"http:\/\/ppa3.batera.fr\/wp-content\/plugins\/elementor\/assets\/images\/placeholder.png\" alt=\"Claire G.\">\n\t\t\t\t\t\t\t\t\t\t\t<\/div>\n\t\t\t\t\t\t\t\t<cite class=\"elementor-testimonial__cite\"><span class=\"elementor-testimonial__name\">Claire G.<\/span><span class=\"elementor-testimonial__title\">Vertou<\/span><\/cite>\t\t\t<\/div>\n\t\t<\/div>\n\t\t\t\t\t\t\t\t<\/div>\n\t\t\t\t\t\t\t\t\t\t\t<div class=\"swiper-slide\" role=\"group\" aria-roledescription=\"slide\">\n\t\t\t\t\t\t\t\t\t<div class=\"elementor-testimonial\">\n\t\t\t\t\t\t\t<div class=\"elementor-testimonial__content\">\n\t\t\t\t\t<div class=\"elementor-testimonial__text\">\n\t\t\t\t\t\t\u00ab Tr\u00e8s bon service pour l\u2019entretien complet de notre propri\u00e9t\u00e9 : tonte, taille des arbustes, remise en \u00e9tat du terrain et \u00e9lagage de s\u00e9curit\u00e9. L\u2019\u00e9quipe est ponctuelle, professionnelle et \u00e0 l\u2019\u00e9coute. On voit vraiment la diff\u00e9rence apr\u00e8s leur passage ! \u00bb\t\t\t\t\t<\/div>\n\t\t\t\t\t\t\t\t\t<\/div>\n\t\t\t\t\t\t<div class=\"elementor-testimonial__footer\">\n\t\t\t\t\t\t\t\t<cite class=\"elementor-testimonial__cite\"><span class=\"elementor-testimonial__name\">Jean-Fran\u00e7ois M.<\/span><span class=\"elementor-testimonial__title\">Ancenis-Saint-G\u00e9r\u00e9on<\/span><\/cite>\t\t\t<\/div>\n\t\t<\/div>\n\t\t\t\t\t\t\t\t<\/div>\n\t\t\t\t\t\t\t\t\t<\/div>\n\t\t\t\t\t\t\t\t\t\t\t\t\t\t\t<div class=\"elementor-swiper-button elementor-swiper-button-prev\" role=\"button\" tabindex=\"0\" aria-label=\"Pr\u00e9c\u00e9dent\">\n\t\t\t\t\t\t\t<svg aria-hidden=\"true\" class=\"e-font-icon-svg e-eicon-chevron-left\" viewBox=\"0 0 1000 1000\" xmlns=\"http:\/\/www.w3.org\/2000\/svg\"><path d=\"M646 125C629 125 613 133 604 142L308 442C296 454 292 471 292 487 292 504 296 521 308 533L604 854C617 867 629 875 646 875 663 875 679 871 692 858 704 846 713 829 713 812 713 796 708 779 692 767L438 487 692 225C700 217 708 204 708 187 708 171 704 154 692 142 675 129 663 125 646 125Z\"><\/path><\/svg>\t\t\t\t\t\t<\/div>\n\t\t\t\t\t\t<div class=\"elementor-swiper-button elementor-swiper-button-next\" role=\"button\" tabindex=\"0\" aria-label=\"Suivant\">\n\t\t\t\t\t\t\t<svg aria-hidden=\"true\" class=\"e-font-icon-svg e-eicon-chevron-right\" viewBox=\"0 0 1000 1000\" xmlns=\"http:\/\/www.w3.org\/2000\/svg\"><path d=\"M696 533C708 521 713 504 713 487 713 471 708 454 696 446L400 146C388 133 375 125 354 125 338 125 325 129 313 142 300 154 292 171 292 187 292 204 296 221 308 233L563 492 304 771C292 783 288 800 288 817 288 833 296 850 308 863 321 871 338 875 354 875 371 875 388 867 400 854L696 533Z\"><\/path><\/svg>\t\t\t\t\t\t<\/div>\n\t\t\t\t\t\t\t\t\t\t\t\t\t\t\t\t<div class=\"swiper-pagination\"><\/div>\n\t\t\t\t\t\t\t\t\t\t\t\t<\/div>\n\t\t\t\t\t\t\t\t<\/div>\n\t\t\t\t\t<\/div>\n\t\t\t\t<\/div>\n\t\t\t\t<\/div>\n\t\t","protected":false},"excerpt":{"rendered":"<p>\u00ab Intervention parfaite pour l\u2019abattage de deux vieux pins devenus dangereux. L\u2019\u00e9quipe a travaill\u00e9 en s\u00e9curit\u00e9, proprement, et a tout \u00e9vacu\u00e9 rapidement. Ils ont aussi restructur\u00e9 l\u2019\u00e9lagage autour de la maison : le jardin para\u00eet beaucoup plus lumineux. \u00bb Sophie L.Bouaye \u00ab Nous avions un petit bassin envahi de plantes aquatiques. Ils ont r\u00e9alis\u00e9 un [&hellip;]<\/p>\n","protected":false},"author":1,"featured_media":0,"parent":0,"menu_order":0,"comment_status":"closed","ping_status":"closed","template":"","meta":{"footnotes":""},"class_list":["post-8","page","type-page","status-publish","hentry"],"yoast_head":"<!-- This site is optimized with the Yoast SEO plugin v26.5 - https:\/\/yoast.com\/wordpress\/plugins\/seo\/ -->\n<title>Paysagiste Nantes \u2013 L\u2019Envie d\u2019un Jardin<\/title>\n<meta name=\"description\" content=\"Paysagistes : cr\u00e9ation de jardins, \u00e9lagage, abattage et entretien. Depuis 13 ans, nous transformons vos ext\u00e9rieurs en Loire-Atlantique.\" \/>\n<meta name=\"robots\" content=\"index, follow, max-snippet:-1, max-image-preview:large, max-video-preview:-1\" \/>\n<link rel=\"canonical\" href=\"https:\/\/ppa3.batera.fr\/\" \/>\n<meta property=\"og:locale\" content=\"fr_FR\" \/>\n<meta property=\"og:type\" content=\"article\" \/>\n<meta property=\"og:title\" content=\"Paysagiste Nantes \u2013 L\u2019Envie d\u2019un Jardin\" \/>\n<meta property=\"og:description\" content=\"Paysagistes : cr\u00e9ation de jardins, \u00e9lagage, abattage et entretien. Depuis 13 ans, nous transformons vos ext\u00e9rieurs en Loire-Atlantique.\" \/>\n<meta property=\"og:url\" content=\"https:\/\/ppa3.batera.fr\/\" \/>\n<meta property=\"og:site_name\" content=\"WordPress\" \/>\n<meta property=\"article:modified_time\" content=\"2025-12-04T10:44:42+00:00\" \/>\n<meta property=\"og:image\" content=\"https:\/\/ppa3.batera.fr\/wp-content\/plugins\/elementor\/assets\/images\/placeholder.png\" \/>\n<meta name=\"twitter:card\" content=\"summary_large_image\" \/>\n<meta name=\"twitter:label1\" content=\"Dur\u00e9e de lecture estim\u00e9e\" \/>\n\t<meta name=\"twitter:data1\" content=\"2 minutes\" \/>\n<script type=\"application\/ld+json\" class=\"yoast-schema-graph\">{\"@context\":\"https:\/\/schema.org\",\"@graph\":[{\"@type\":\"WebPage\",\"@id\":\"https:\/\/ppa3.batera.fr\/\",\"url\":\"https:\/\/ppa3.batera.fr\/\",\"name\":\"Paysagiste Nantes \u2013 L\u2019Envie d\u2019un Jardin\",\"isPartOf\":{\"@id\":\"https:\/\/ppa3.batera.fr\/#website\"},\"primaryImageOfPage\":{\"@id\":\"https:\/\/ppa3.batera.fr\/#primaryimage\"},\"image\":{\"@id\":\"https:\/\/ppa3.batera.fr\/#primaryimage\"},\"thumbnailUrl\":\"https:\/\/ppa3.batera.fr\/wp-content\/plugins\/elementor\/assets\/images\/placeholder.png\",\"datePublished\":\"2025-12-01T10:46:43+00:00\",\"dateModified\":\"2025-12-04T10:44:42+00:00\",\"description\":\"Paysagistes : cr\u00e9ation de jardins, \u00e9lagage, abattage et entretien. Depuis 13 ans, nous transformons vos ext\u00e9rieurs en Loire-Atlantique.\",\"breadcrumb\":{\"@id\":\"https:\/\/ppa3.batera.fr\/#breadcrumb\"},\"inLanguage\":\"fr-FR\",\"potentialAction\":[{\"@type\":\"ReadAction\",\"target\":[\"https:\/\/ppa3.batera.fr\/\"]}]},{\"@type\":\"ImageObject\",\"inLanguage\":\"fr-FR\",\"@id\":\"https:\/\/ppa3.batera.fr\/#primaryimage\",\"url\":\"https:\/\/ppa3.batera.fr\/wp-content\/plugins\/elementor\/assets\/images\/placeholder.png\",\"contentUrl\":\"https:\/\/ppa3.batera.fr\/wp-content\/plugins\/elementor\/assets\/images\/placeholder.png\"},{\"@type\":\"BreadcrumbList\",\"@id\":\"https:\/\/ppa3.batera.fr\/#breadcrumb\",\"itemListElement\":[{\"@type\":\"ListItem\",\"position\":1,\"name\":\"Accueil\",\"item\":\"https:\/\/ppa3.batera.fr\/\"},{\"@type\":\"ListItem\",\"position\":2,\"name\":\"Accueil\"}]},{\"@type\":\"WebSite\",\"@id\":\"https:\/\/ppa3.batera.fr\/#website\",\"url\":\"https:\/\/ppa3.batera.fr\/\",\"name\":\"WordPress\",\"description\":\"L\u2019art du paysage au service de votre quotidien\",\"publisher\":{\"@id\":\"https:\/\/ppa3.batera.fr\/#organization\"},\"potentialAction\":[{\"@type\":\"SearchAction\",\"target\":{\"@type\":\"EntryPoint\",\"urlTemplate\":\"https:\/\/ppa3.batera.fr\/?s={search_term_string}\"},\"query-input\":{\"@type\":\"PropertyValueSpecification\",\"valueRequired\":true,\"valueName\":\"search_term_string\"}}],\"inLanguage\":\"fr-FR\"},{\"@type\":\"Organization\",\"@id\":\"https:\/\/ppa3.batera.fr\/#organization\",\"name\":\"WordPress\",\"url\":\"https:\/\/ppa3.batera.fr\/\",\"logo\":{\"@type\":\"ImageObject\",\"inLanguage\":\"fr-FR\",\"@id\":\"https:\/\/ppa3.batera.fr\/#\/schema\/logo\/image\/\",\"url\":\"https:\/\/ppa3.batera.fr\/wp-content\/uploads\/2025\/12\/Capture-decran-2025-12-01-a-12.11.31.png\",\"contentUrl\":\"https:\/\/ppa3.batera.fr\/wp-content\/uploads\/2025\/12\/Capture-decran-2025-12-01-a-12.11.31.png\",\"width\":268,\"height\":268,\"caption\":\"WordPress\"},\"image\":{\"@id\":\"https:\/\/ppa3.batera.fr\/#\/schema\/logo\/image\/\"}}]}<\/script>\n<!-- \/ Yoast SEO plugin. -->","yoast_head_json":{"title":"Paysagiste Nantes \u2013 L\u2019Envie d\u2019un Jardin","description":"Paysagistes : cr\u00e9ation de jardins, \u00e9lagage, abattage et entretien. Depuis 13 ans, nous transformons vos ext\u00e9rieurs en Loire-Atlantique.","robots":{"index":"index","follow":"follow","max-snippet":"max-snippet:-1","max-image-preview":"max-image-preview:large","max-video-preview":"max-video-preview:-1"},"canonical":"https:\/\/ppa3.batera.fr\/","og_locale":"fr_FR","og_type":"article","og_title":"Paysagiste Nantes \u2013 L\u2019Envie d\u2019un Jardin","og_description":"Paysagistes : cr\u00e9ation de jardins, \u00e9lagage, abattage et entretien. Depuis 13 ans, nous transformons vos ext\u00e9rieurs en Loire-Atlantique.","og_url":"https:\/\/ppa3.batera.fr\/","og_site_name":"WordPress","article_modified_time":"2025-12-04T10:44:42+00:00","og_image":[{"url":"https:\/\/ppa3.batera.fr\/wp-content\/plugins\/elementor\/assets\/images\/placeholder.png","type":"","width":"","height":""}],"twitter_card":"summary_large_image","twitter_misc":{"Dur\u00e9e de lecture estim\u00e9e":"2 minutes"},"schema":{"@context":"https:\/\/schema.org","@graph":[{"@type":"WebPage","@id":"https:\/\/ppa3.batera.fr\/","url":"https:\/\/ppa3.batera.fr\/","name":"Paysagiste Nantes \u2013 L\u2019Envie d\u2019un Jardin","isPartOf":{"@id":"https:\/\/ppa3.batera.fr\/#website"},"primaryImageOfPage":{"@id":"https:\/\/ppa3.batera.fr\/#primaryimage"},"image":{"@id":"https:\/\/ppa3.batera.fr\/#primaryimage"},"thumbnailUrl":"https:\/\/ppa3.batera.fr\/wp-content\/plugins\/elementor\/assets\/images\/placeholder.png","datePublished":"2025-12-01T10:46:43+00:00","dateModified":"2025-12-04T10:44:42+00:00","description":"Paysagistes : cr\u00e9ation de jardins, \u00e9lagage, abattage et entretien. Depuis 13 ans, nous transformons vos ext\u00e9rieurs en Loire-Atlantique.","breadcrumb":{"@id":"https:\/\/ppa3.batera.fr\/#breadcrumb"},"inLanguage":"fr-FR","potentialAction":[{"@type":"ReadAction","target":["https:\/\/ppa3.batera.fr\/"]}]},{"@type":"ImageObject","inLanguage":"fr-FR","@id":"https:\/\/ppa3.batera.fr\/#primaryimage","url":"https:\/\/ppa3.batera.fr\/wp-content\/plugins\/elementor\/assets\/images\/placeholder.png","contentUrl":"https:\/\/ppa3.batera.fr\/wp-content\/plugins\/elementor\/assets\/images\/placeholder.png"},{"@type":"BreadcrumbList","@id":"https:\/\/ppa3.batera.fr\/#breadcrumb","itemListElement":[{"@type":"ListItem","position":1,"name":"Accueil","item":"https:\/\/ppa3.batera.fr\/"},{"@type":"ListItem","position":2,"name":"Accueil"}]},{"@type":"WebSite","@id":"https:\/\/ppa3.batera.fr\/#website","url":"https:\/\/ppa3.batera.fr\/","name":"WordPress","description":"L\u2019art du paysage au service de votre quotidien","publisher":{"@id":"https:\/\/ppa3.batera.fr\/#organization"},"potentialAction":[{"@type":"SearchAction","target":{"@type":"EntryPoint","urlTemplate":"https:\/\/ppa3.batera.fr\/?s={search_term_string}"},"query-input":{"@type":"PropertyValueSpecification","valueRequired":true,"valueName":"search_term_string"}}],"inLanguage":"fr-FR"},{"@type":"Organization","@id":"https:\/\/ppa3.batera.fr\/#organization","name":"WordPress","url":"https:\/\/ppa3.batera.fr\/","logo":{"@type":"ImageObject","inLanguage":"fr-FR","@id":"https:\/\/ppa3.batera.fr\/#\/schema\/logo\/image\/","url":"https:\/\/ppa3.batera.fr\/wp-content\/uploads\/2025\/12\/Capture-decran-2025-12-01-a-12.11.31.png","contentUrl":"https:\/\/ppa3.batera.fr\/wp-content\/uploads\/2025\/12\/Capture-decran-2025-12-01-a-12.11.31.png","width":268,"height":268,"caption":"WordPress"},"image":{"@id":"https:\/\/ppa3.batera.fr\/#\/schema\/logo\/image\/"}}]}},"_links":{"self":[{"href":"https:\/\/ppa3.batera.fr\/index.php\/wp-json\/wp\/v2\/pages\/8","targetHints":{"allow":["GET"]}}],"collection":[{"href":"https:\/\/ppa3.batera.fr\/index.php\/wp-json\/wp\/v2\/pages"}],"about":[{"href":"https:\/\/ppa3.batera.fr\/index.php\/wp-json\/wp\/v2\/types\/page"}],"author":[{"embeddable":true,"href":"https:\/\/ppa3.batera.fr\/index.php\/wp-json\/wp\/v2\/users\/1"}],"replies":[{"embeddable":true,"href":"https:\/\/ppa3.batera.fr\/index.php\/wp-json\/wp\/v2\/comments?post=8"}],"version-history":[{"count":24,"href":"https:\/\/ppa3.batera.fr\/index.php\/wp-json\/wp\/v2\/pages\/8\/revisions"}],"predecessor-version":[{"id":399,"href":"https:\/\/ppa3.batera.fr\/index.php\/wp-json\/wp\/v2\/pages\/8\/revisions\/399"}],"wp:attachment":[{"href":"https:\/\/ppa3.batera.fr\/index.php\/wp-json\/wp\/v2\/media?parent=8"}],"curies":[{"name":"wp","href":"https:\/\/api.w.org\/{rel}","templated":true}]}}