{"id":9,"date":"2025-12-01T10:53:37","date_gmt":"2025-12-01T10:53:37","guid":{"rendered":"http:\/\/ppa3.batera.fr\/?page_id=9"},"modified":"2025-12-04T11:35:17","modified_gmt":"2025-12-04T11:35:17","slug":"elagage-et-abattage","status":"publish","type":"page","link":"https:\/\/ppa3.batera.fr\/index.php\/elagage-et-abattage\/","title":{"rendered":"\u00c9lagage et abattage"},"content":{"rendered":"\t\t<div data-elementor-type=\"wp-page\" data-elementor-id=\"9\" class=\"elementor elementor-9\" data-elementor-post-type=\"page\">\n\t\t\t\t<div class=\"elementor-element elementor-element-80f30bd e-flex e-con-boxed e-con e-parent\" data-id=\"80f30bd\" data-element_type=\"container\" data-settings=\"{&quot;background_background&quot;:&quot;classic&quot;,&quot;shape_divider_bottom&quot;:&quot;waves&quot;}\">\n\t\t\t\t\t<div class=\"e-con-inner\">\n\t\t\t\t<div class=\"elementor-shape elementor-shape-bottom\" aria-hidden=\"true\" data-negative=\"false\">\n\t\t\t<svg xmlns=\"http:\/\/www.w3.org\/2000\/svg\" viewBox=\"0 0 1000 100\" preserveAspectRatio=\"none\">\n\t<path class=\"elementor-shape-fill\" d=\"M421.9,6.5c22.6-2.5,51.5,0.4,75.5,5.3c23.6,4.9,70.9,23.5,100.5,35.7c75.8,32.2,133.7,44.5,192.6,49.7\n\tc23.6,2.1,48.7,3.5,103.4-2.5c54.7-6,106.2-25.6,106.2-25.6V0H0v30.3c0,0,72,32.6,158.4,30.5c39.2-0.7,92.8-6.7,134-22.4\n\tc21.2-8.1,52.2-18.2,79.7-24.2C399.3,7.9,411.6,7.5,421.9,6.5z\"\/>\n<\/svg>\t\t<\/div>\n\t\t\t\t<div class=\"elementor-element elementor-element-adcdfee elementor-widget elementor-widget-heading\" data-id=\"adcdfee\" data-element_type=\"widget\" data-widget_type=\"heading.default\">\n\t\t\t\t\t<h2 class=\"elementor-heading-title elementor-size-default\">\u00c9lagage <br>et abattage <\/h2>\t\t\t\t<\/div>\n\t\t\t\t\t<\/div>\n\t\t\t\t<\/div>\n\t\t<div class=\"elementor-element elementor-element-6581b99 e-flex e-con-boxed e-con e-parent\" data-id=\"6581b99\" data-element_type=\"container\">\n\t\t\t\t\t<div class=\"e-con-inner\">\n\t\t\t\t<div class=\"elementor-element elementor-element-dba0832 elementor-widget-divider--separator-type-pattern elementor-widget-divider--no-spacing elementor-widget-divider--view-line elementor-widget elementor-widget-divider\" data-id=\"dba0832\" data-element_type=\"widget\" data-widget_type=\"divider.default\">\n\t\t\t\t\t\t\t<div class=\"elementor-divider\" style=\"--divider-pattern-url: url(&quot;data:image\/svg+xml,%3Csvg xmlns=&#039;http:\/\/www.w3.org\/2000\/svg&#039; preserveAspectRatio=&#039;xMidYMid meet&#039; overflow=&#039;visible&#039; height=&#039;100%&#039; viewBox=&#039;0 0 126 26&#039; fill=&#039;black&#039; stroke=&#039;none&#039;%3E%3Cpath d=&#039;M3,10.2c2.6,0,2.6,2,2.6,3.2S4.4,16.5,3,16.5s-3-1.4-3-3.2S0.4,10.2,3,10.2z M18.8,10.2c1.7,0,3.2,1.4,3.2,3.2s-1.4,3.2-3.2,3.2c-1.7,0-3.2-1.4-3.2-3.2S17,10.2,18.8,10.2z M34.6,10.2c1.5,0,2.6,1.4,2.6,3.2s-0.5,3.2-1.9,3.2c-1.5,0-3.4-1.4-3.4-3.2S33.1,10.2,34.6,10.2z M50.5,10.2c1.7,0,3.2,1.4,3.2,3.2s-1.4,3.2-3.2,3.2c-1.7,0-3.3-0.9-3.3-2.6S48.7,10.2,50.5,10.2z M66.2,10.2c1.5,0,3.4,1.4,3.4,3.2s-1.9,3.2-3.4,3.2c-1.5,0-2.6-0.4-2.6-2.1S64.8,10.2,66.2,10.2z M82.2,10.2c1.7,0.8,2.6,1.4,2.6,3.2s-0.1,3.2-1.6,3.2c-1.5,0-3.7-1.4-3.7-3.2S80.5,9.4,82.2,10.2zM98.6,10.2c1.5,0,2.6,0.4,2.6,2.1s-1.2,4.2-2.6,4.2c-1.5,0-3.7-0.4-3.7-2.1S97.1,10.2,98.6,10.2z M113.4,10.2c1.2,0,2.2,0.9,2.2,3.2s-0.1,3.2-1.3,3.2s-3.1-1.4-3.1-3.2S112.2,10.2,113.4,10.2z&#039;\/%3E%3C\/svg%3E&quot;);\">\n\t\t\t<span class=\"elementor-divider-separator\">\n\t\t\t\t\t\t<\/span>\n\t\t<\/div>\n\t\t\t\t\t\t<\/div>\n\t\t\t\t\t<\/div>\n\t\t\t\t<\/div>\n\t\t<div class=\"elementor-element elementor-element-c3f36c4 e-flex e-con-boxed e-con e-parent\" data-id=\"c3f36c4\" data-element_type=\"container\">\n\t\t\t\t\t<div class=\"e-con-inner\">\n\t\t\t\t<div class=\"elementor-element elementor-element-005301b elementor-widget elementor-widget-text-editor\" data-id=\"005301b\" data-element_type=\"widget\" data-widget_type=\"text-editor.default\">\n\t\t\t\t\t\t\t\t\t<p><strong>Gr\u00e2ce \u00e0 notre exp\u00e9rience de plus de 13 ans dans le domaine de l&rsquo;entretien des espaces verts, notre \u00e9quipe a d\u00e9velopp\u00e9\u00a0<\/strong><\/p><p><strong>un savoir-faire particulier pour l&rsquo;\u00e9lagage et l&rsquo;abattage des arbres.<\/strong><\/p>\t\t\t\t\t\t\t\t<\/div>\n\t\t\t\t\t<\/div>\n\t\t\t\t<\/div>\n\t\t<div class=\"elementor-element elementor-element-582b101 e-flex e-con-boxed e-con e-parent\" data-id=\"582b101\" data-element_type=\"container\" data-settings=\"{&quot;background_background&quot;:&quot;gradient&quot;}\">\n\t\t\t\t\t<div class=\"e-con-inner\">\n\t\t\t\t<div class=\"elementor-element elementor-element-bcc8671 elementor-widget-divider--separator-type-pattern elementor-widget-divider--no-spacing elementor-widget-divider--view-line elementor-widget elementor-widget-divider\" data-id=\"bcc8671\" data-element_type=\"widget\" data-widget_type=\"divider.default\">\n\t\t\t\t\t\t\t<div class=\"elementor-divider\" style=\"--divider-pattern-url: url(&quot;data:image\/svg+xml,%3Csvg xmlns=&#039;http:\/\/www.w3.org\/2000\/svg&#039; preserveAspectRatio=&#039;xMidYMid meet&#039; overflow=&#039;visible&#039; height=&#039;100%&#039; viewBox=&#039;0 0 126 26&#039; fill=&#039;black&#039; stroke=&#039;none&#039;%3E%3Cpath d=&#039;M3,10.2c2.6,0,2.6,2,2.6,3.2S4.4,16.5,3,16.5s-3-1.4-3-3.2S0.4,10.2,3,10.2z M18.8,10.2c1.7,0,3.2,1.4,3.2,3.2s-1.4,3.2-3.2,3.2c-1.7,0-3.2-1.4-3.2-3.2S17,10.2,18.8,10.2z M34.6,10.2c1.5,0,2.6,1.4,2.6,3.2s-0.5,3.2-1.9,3.2c-1.5,0-3.4-1.4-3.4-3.2S33.1,10.2,34.6,10.2z M50.5,10.2c1.7,0,3.2,1.4,3.2,3.2s-1.4,3.2-3.2,3.2c-1.7,0-3.3-0.9-3.3-2.6S48.7,10.2,50.5,10.2z M66.2,10.2c1.5,0,3.4,1.4,3.4,3.2s-1.9,3.2-3.4,3.2c-1.5,0-2.6-0.4-2.6-2.1S64.8,10.2,66.2,10.2z M82.2,10.2c1.7,0.8,2.6,1.4,2.6,3.2s-0.1,3.2-1.6,3.2c-1.5,0-3.7-1.4-3.7-3.2S80.5,9.4,82.2,10.2zM98.6,10.2c1.5,0,2.6,0.4,2.6,2.1s-1.2,4.2-2.6,4.2c-1.5,0-3.7-0.4-3.7-2.1S97.1,10.2,98.6,10.2z M113.4,10.2c1.2,0,2.2,0.9,2.2,3.2s-0.1,3.2-1.3,3.2s-3.1-1.4-3.1-3.2S112.2,10.2,113.4,10.2z&#039;\/%3E%3C\/svg%3E&quot;);\">\n\t\t\t<span class=\"elementor-divider-separator\">\n\t\t\t\t\t\t<\/span>\n\t\t<\/div>\n\t\t\t\t\t\t<\/div>\n\t\t\t\t\t<\/div>\n\t\t\t\t<\/div>\n\t\t<div class=\"elementor-element elementor-element-2b01455 e-flex e-con-boxed e-con e-parent\" data-id=\"2b01455\" data-element_type=\"container\">\n\t\t\t\t\t<div class=\"e-con-inner\">\n\t\t<div class=\"elementor-element elementor-element-ab81f7f e-con-full e-flex e-con e-child\" data-id=\"ab81f7f\" data-element_type=\"container\">\n\t\t\t\t<div class=\"elementor-element elementor-element-f41f35b elementor-drop-cap-yes elementor-drop-cap-view-default elementor-widget elementor-widget-text-editor\" data-id=\"f41f35b\" data-element_type=\"widget\" data-settings=\"{&quot;drop_cap&quot;:&quot;yes&quot;}\" data-widget_type=\"text-editor.default\">\n\t\t\t\t\t\t\t\t\t<p class=\"bodytext\">L&rsquo;\u00e9lagage, aparent\u00e9 \u00e0 l&rsquo;arboriculture ornementale, consiste \u00e0 couper certaines branches, afin d&rsquo;orienter ou de limiter le d\u00e9veloppement d&rsquo;un arbre.<\/p><p class=\"bodytext\">L&rsquo;abattage, quant \u00e0 lui, consiste \u00e0 abattre des arbres en les coupant \u00e0 la souche. Lorsqu&rsquo;un arbre est malade, il arrive que la seule solution soit de le couper.<\/p><p class=\"bodytext\">Notre \u00e9quipe a acquis, au cours des ann\u00e9es, une exp\u00e9rience et une connaissance accrues dans la coupe et la taille des arbres.<\/p><p>Lorem ipsum dolor sit amet, consectetur adipiscing elit. Ut elit tellus, luctus nec ullamcorper mattis, pulvinar dapibus leo.<\/p>\t\t\t\t\t\t\t\t<\/div>\n\t\t\t\t<\/div>\n\t\t<div class=\"elementor-element elementor-element-32a7d0a e-con-full e-flex e-con e-child\" data-id=\"32a7d0a\" data-element_type=\"container\">\n\t\t\t\t<div class=\"elementor-element elementor-element-a3893dc elementor-widget elementor-widget-image\" data-id=\"a3893dc\" data-element_type=\"widget\" data-widget_type=\"image.default\">\n\t\t\t\t\t\t\t\t\t\t\t\t\t\t\t<img fetchpriority=\"high\" decoding=\"async\" width=\"800\" height=\"534\" src=\"https:\/\/ppa3.batera.fr\/wp-content\/uploads\/2025\/12\/close-up-jardinier-coupe-des-branches-de-pin-1024x683.jpg\" class=\"attachment-large size-large wp-image-123\" alt=\"\" srcset=\"https:\/\/ppa3.batera.fr\/wp-content\/uploads\/2025\/12\/close-up-jardinier-coupe-des-branches-de-pin-1024x683.jpg 1024w, https:\/\/ppa3.batera.fr\/wp-content\/uploads\/2025\/12\/close-up-jardinier-coupe-des-branches-de-pin-300x200.jpg 300w, https:\/\/ppa3.batera.fr\/wp-content\/uploads\/2025\/12\/close-up-jardinier-coupe-des-branches-de-pin-768x512.jpg 768w, https:\/\/ppa3.batera.fr\/wp-content\/uploads\/2025\/12\/close-up-jardinier-coupe-des-branches-de-pin-1536x1024.jpg 1536w, https:\/\/ppa3.batera.fr\/wp-content\/uploads\/2025\/12\/close-up-jardinier-coupe-des-branches-de-pin-2048x1365.jpg 2048w\" sizes=\"(max-width: 800px) 100vw, 800px\" \/>\t\t\t\t\t\t\t\t\t\t\t\t\t\t\t<\/div>\n\t\t\t\t<\/div>\n\t\t\t\t\t<\/div>\n\t\t\t\t<\/div>\n\t\t<div class=\"elementor-element elementor-element-cb811ad e-flex e-con-boxed e-con e-parent\" data-id=\"cb811ad\" data-element_type=\"container\">\n\t\t\t\t\t<div class=\"e-con-inner\">\n\t\t\t\t\t<\/div>\n\t\t\t\t<\/div>\n\t\t<div class=\"elementor-element elementor-element-41bcf61 e-flex e-con-boxed e-con e-parent\" data-id=\"41bcf61\" data-element_type=\"container\">\n\t\t\t\t\t<div class=\"e-con-inner\">\n\t\t\t\t<div class=\"elementor-element elementor-element-3329cfe elementor-widget elementor-widget-text-editor\" data-id=\"3329cfe\" data-element_type=\"widget\" data-settings=\"{&quot;motion_fx_motion_fx_mouse&quot;:&quot;yes&quot;}\" data-widget_type=\"text-editor.default\">\n\t\t\t\t\t\t\t\t\t<h1>Nos m\u00e9thodes biocontr\u00f4le<\/h1>\t\t\t\t\t\t\t\t<\/div>\n\t\t\t\t\t<\/div>\n\t\t\t\t<\/div>\n\t\t<div class=\"elementor-element elementor-element-17d7064 e-flex e-con-boxed e-con e-parent\" data-id=\"17d7064\" data-element_type=\"container\">\n\t\t\t\t\t<div class=\"e-con-inner\">\n\t\t\t\t<div class=\"elementor-element elementor-element-e10df25 elementor-drop-cap-yes elementor-drop-cap-view-default elementor-widget elementor-widget-text-editor\" data-id=\"e10df25\" data-element_type=\"widget\" data-settings=\"{&quot;drop_cap&quot;:&quot;yes&quot;}\" data-widget_type=\"text-editor.default\">\n\t\t\t\t\t\t\t\t\t<p>Pour l\u2019utilisation de notre tron\u00e7onneuse, nous avons opt\u00e9 pour l\u2019huile de chaine v\u00e9g\u00e9tale biod\u00e9gradable garantissant le respect de l\u2019environnement.<br \/>Et un carburant sp\u00e9cial compos\u00e9 d\u2019huile HP Ultra biod\u00e9gradable, qui est respectueux de l\u2019environnement et de la sant\u00e9 de l\u2019homme.<br \/>A noter que tous les 3-4 ans, la taille de formation des arbres fruitiers est n\u00e9cessaire afin d\u2019aider l\u2019arbre \u00e0 construire une charpente \u00e9quilibr\u00e9e et, dans un m\u00eame temps, de favoriser les ramifications&#8230; Vous obtiendriez donc une plus belle fructification.<\/p>\t\t\t\t\t\t\t\t<\/div>\n\t\t\t\t\t<\/div>\n\t\t\t\t<\/div>\n\t\t<div class=\"elementor-element elementor-element-812c662 e-flex e-con-boxed e-con e-parent\" data-id=\"812c662\" data-element_type=\"container\">\n\t\t\t\t\t<div class=\"e-con-inner\">\n\t\t\t\t<div class=\"elementor-element elementor-element-735f516 elementor-widget elementor-widget-spacer\" data-id=\"735f516\" data-element_type=\"widget\" data-widget_type=\"spacer.default\">\n\t\t\t\t\t\t\t<div class=\"elementor-spacer\">\n\t\t\t<div class=\"elementor-spacer-inner\"><\/div>\n\t\t<\/div>\n\t\t\t\t\t\t<\/div>\n\t\t\t\t\t<\/div>\n\t\t\t\t<\/div>\n\t\t<div class=\"elementor-element elementor-element-327936b e-flex e-con-boxed e-con e-parent\" data-id=\"327936b\" data-element_type=\"container\" data-settings=\"{&quot;background_background&quot;:&quot;classic&quot;,&quot;background_motion_fx_motion_fx_mouse&quot;:&quot;yes&quot;}\">\n\t\t\t\t\t<div class=\"e-con-inner\">\n\t\t\t\t<div class=\"elementor-element elementor-element-90179de elementor-widget__width-initial elementor-widget elementor-widget-heading\" data-id=\"90179de\" data-element_type=\"widget\" data-widget_type=\"heading.default\">\n\t\t\t\t\t<h1 class=\"elementor-heading-title elementor-size-default\"><br>Quelques exemples<br><\/h1>\t\t\t\t<\/div>\n\t\t\t\t\t<\/div>\n\t\t\t\t<\/div>\n\t\t\t\t<\/div>\n\t\t","protected":false},"excerpt":{"rendered":"<p>\u00c9lagage et abattage Gr\u00e2ce \u00e0 notre exp\u00e9rience de plus de 13 ans dans le domaine de l&rsquo;entretien des espaces verts, notre \u00e9quipe a d\u00e9velopp\u00e9\u00a0 un savoir-faire particulier pour l&rsquo;\u00e9lagage et l&rsquo;abattage des arbres. L&rsquo;\u00e9lagage, aparent\u00e9 \u00e0 l&rsquo;arboriculture ornementale, consiste \u00e0 couper certaines branches, afin d&rsquo;orienter ou de limiter le d\u00e9veloppement d&rsquo;un arbre. L&rsquo;abattage, quant \u00e0 [&hellip;]<\/p>\n","protected":false},"author":1,"featured_media":266,"parent":0,"menu_order":0,"comment_status":"closed","ping_status":"closed","template":"","meta":{"footnotes":""},"class_list":["post-9","page","type-page","status-publish","has-post-thumbnail","hentry"],"yoast_head":"<!-- This site is optimized with the Yoast SEO plugin v26.5 - https:\/\/yoast.com\/wordpress\/plugins\/seo\/ -->\n<title>\u00c9lagage &amp; Abattage | Paysagistes \u00e0 Nantes \u2013 L\u2019Envie d\u2019un Jardin<\/title>\n<meta name=\"description\" content=\"\u00c9lagage, abattage, d\u00e9montage s\u00e9curis\u00e9 et gestion des d\u00e9chets verts. Intervention en Loire-Atlantique par une \u00e9quipe exp\u00e9riment\u00e9e.\" \/>\n<meta name=\"robots\" content=\"index, follow, max-snippet:-1, max-image-preview:large, max-video-preview:-1\" \/>\n<link rel=\"canonical\" href=\"https:\/\/ppa3.batera.fr\/index.php\/elagage-et-abattage\/\" \/>\n<meta property=\"og:locale\" content=\"fr_FR\" \/>\n<meta property=\"og:type\" content=\"article\" \/>\n<meta property=\"og:title\" content=\"\u00c9lagage &amp; Abattage | Paysagistes \u00e0 Nantes \u2013 L\u2019Envie d\u2019un Jardin\" \/>\n<meta property=\"og:description\" content=\"\u00c9lagage, abattage, d\u00e9montage s\u00e9curis\u00e9 et gestion des d\u00e9chets verts. Intervention en Loire-Atlantique par une \u00e9quipe exp\u00e9riment\u00e9e.\" \/>\n<meta property=\"og:url\" content=\"https:\/\/ppa3.batera.fr\/index.php\/elagage-et-abattage\/\" \/>\n<meta property=\"og:site_name\" content=\"WordPress\" \/>\n<meta property=\"article:modified_time\" content=\"2025-12-04T11:35:17+00:00\" \/>\n<meta property=\"og:image\" content=\"https:\/\/ppa3.batera.fr\/wp-content\/uploads\/2025\/12\/close-up-jardinier-coupe-des-branches-de-pin-2-scaled.jpg\" \/>\n\t<meta property=\"og:image:width\" content=\"2560\" \/>\n\t<meta property=\"og:image:height\" content=\"1707\" \/>\n\t<meta property=\"og:image:type\" content=\"image\/jpeg\" \/>\n<meta name=\"twitter:card\" content=\"summary_large_image\" \/>\n<meta name=\"twitter:label1\" content=\"Dur\u00e9e de lecture estim\u00e9e\" \/>\n\t<meta name=\"twitter:data1\" content=\"2 minutes\" \/>\n<script type=\"application\/ld+json\" class=\"yoast-schema-graph\">{\"@context\":\"https:\/\/schema.org\",\"@graph\":[{\"@type\":\"WebPage\",\"@id\":\"https:\/\/ppa3.batera.fr\/index.php\/elagage-et-abattage\/\",\"url\":\"https:\/\/ppa3.batera.fr\/index.php\/elagage-et-abattage\/\",\"name\":\"\u00c9lagage & Abattage | Paysagistes \u00e0 Nantes \u2013 L\u2019Envie d\u2019un Jardin\",\"isPartOf\":{\"@id\":\"https:\/\/ppa3.batera.fr\/#website\"},\"primaryImageOfPage\":{\"@id\":\"https:\/\/ppa3.batera.fr\/index.php\/elagage-et-abattage\/#primaryimage\"},\"image\":{\"@id\":\"https:\/\/ppa3.batera.fr\/index.php\/elagage-et-abattage\/#primaryimage\"},\"thumbnailUrl\":\"https:\/\/ppa3.batera.fr\/wp-content\/uploads\/2025\/12\/close-up-jardinier-coupe-des-branches-de-pin-2-scaled.jpg\",\"datePublished\":\"2025-12-01T10:53:37+00:00\",\"dateModified\":\"2025-12-04T11:35:17+00:00\",\"description\":\"\u00c9lagage, abattage, d\u00e9montage s\u00e9curis\u00e9 et gestion des d\u00e9chets verts. Intervention en Loire-Atlantique par une \u00e9quipe exp\u00e9riment\u00e9e.\",\"breadcrumb\":{\"@id\":\"https:\/\/ppa3.batera.fr\/index.php\/elagage-et-abattage\/#breadcrumb\"},\"inLanguage\":\"fr-FR\",\"potentialAction\":[{\"@type\":\"ReadAction\",\"target\":[\"https:\/\/ppa3.batera.fr\/index.php\/elagage-et-abattage\/\"]}]},{\"@type\":\"ImageObject\",\"inLanguage\":\"fr-FR\",\"@id\":\"https:\/\/ppa3.batera.fr\/index.php\/elagage-et-abattage\/#primaryimage\",\"url\":\"https:\/\/ppa3.batera.fr\/wp-content\/uploads\/2025\/12\/close-up-jardinier-coupe-des-branches-de-pin-2-scaled.jpg\",\"contentUrl\":\"https:\/\/ppa3.batera.fr\/wp-content\/uploads\/2025\/12\/close-up-jardinier-coupe-des-branches-de-pin-2-scaled.jpg\",\"width\":2560,\"height\":1707},{\"@type\":\"BreadcrumbList\",\"@id\":\"https:\/\/ppa3.batera.fr\/index.php\/elagage-et-abattage\/#breadcrumb\",\"itemListElement\":[{\"@type\":\"ListItem\",\"position\":1,\"name\":\"Accueil\",\"item\":\"https:\/\/ppa3.batera.fr\/\"},{\"@type\":\"ListItem\",\"position\":2,\"name\":\"\u00c9lagage et abattage\"}]},{\"@type\":\"WebSite\",\"@id\":\"https:\/\/ppa3.batera.fr\/#website\",\"url\":\"https:\/\/ppa3.batera.fr\/\",\"name\":\"WordPress\",\"description\":\"L\u2019art du paysage au service de votre quotidien\",\"publisher\":{\"@id\":\"https:\/\/ppa3.batera.fr\/#organization\"},\"potentialAction\":[{\"@type\":\"SearchAction\",\"target\":{\"@type\":\"EntryPoint\",\"urlTemplate\":\"https:\/\/ppa3.batera.fr\/?s={search_term_string}\"},\"query-input\":{\"@type\":\"PropertyValueSpecification\",\"valueRequired\":true,\"valueName\":\"search_term_string\"}}],\"inLanguage\":\"fr-FR\"},{\"@type\":\"Organization\",\"@id\":\"https:\/\/ppa3.batera.fr\/#organization\",\"name\":\"WordPress\",\"url\":\"https:\/\/ppa3.batera.fr\/\",\"logo\":{\"@type\":\"ImageObject\",\"inLanguage\":\"fr-FR\",\"@id\":\"https:\/\/ppa3.batera.fr\/#\/schema\/logo\/image\/\",\"url\":\"https:\/\/ppa3.batera.fr\/wp-content\/uploads\/2025\/12\/Capture-decran-2025-12-01-a-12.11.31.png\",\"contentUrl\":\"https:\/\/ppa3.batera.fr\/wp-content\/uploads\/2025\/12\/Capture-decran-2025-12-01-a-12.11.31.png\",\"width\":268,\"height\":268,\"caption\":\"WordPress\"},\"image\":{\"@id\":\"https:\/\/ppa3.batera.fr\/#\/schema\/logo\/image\/\"}}]}<\/script>\n<!-- \/ Yoast SEO plugin. -->","yoast_head_json":{"title":"\u00c9lagage & Abattage | Paysagistes \u00e0 Nantes \u2013 L\u2019Envie d\u2019un Jardin","description":"\u00c9lagage, abattage, d\u00e9montage s\u00e9curis\u00e9 et gestion des d\u00e9chets verts. Intervention en Loire-Atlantique par une \u00e9quipe exp\u00e9riment\u00e9e.","robots":{"index":"index","follow":"follow","max-snippet":"max-snippet:-1","max-image-preview":"max-image-preview:large","max-video-preview":"max-video-preview:-1"},"canonical":"https:\/\/ppa3.batera.fr\/index.php\/elagage-et-abattage\/","og_locale":"fr_FR","og_type":"article","og_title":"\u00c9lagage & Abattage | Paysagistes \u00e0 Nantes \u2013 L\u2019Envie d\u2019un Jardin","og_description":"\u00c9lagage, abattage, d\u00e9montage s\u00e9curis\u00e9 et gestion des d\u00e9chets verts. Intervention en Loire-Atlantique par une \u00e9quipe exp\u00e9riment\u00e9e.","og_url":"https:\/\/ppa3.batera.fr\/index.php\/elagage-et-abattage\/","og_site_name":"WordPress","article_modified_time":"2025-12-04T11:35:17+00:00","og_image":[{"width":2560,"height":1707,"url":"https:\/\/ppa3.batera.fr\/wp-content\/uploads\/2025\/12\/close-up-jardinier-coupe-des-branches-de-pin-2-scaled.jpg","type":"image\/jpeg"}],"twitter_card":"summary_large_image","twitter_misc":{"Dur\u00e9e de lecture estim\u00e9e":"2 minutes"},"schema":{"@context":"https:\/\/schema.org","@graph":[{"@type":"WebPage","@id":"https:\/\/ppa3.batera.fr\/index.php\/elagage-et-abattage\/","url":"https:\/\/ppa3.batera.fr\/index.php\/elagage-et-abattage\/","name":"\u00c9lagage & Abattage | Paysagistes \u00e0 Nantes \u2013 L\u2019Envie d\u2019un Jardin","isPartOf":{"@id":"https:\/\/ppa3.batera.fr\/#website"},"primaryImageOfPage":{"@id":"https:\/\/ppa3.batera.fr\/index.php\/elagage-et-abattage\/#primaryimage"},"image":{"@id":"https:\/\/ppa3.batera.fr\/index.php\/elagage-et-abattage\/#primaryimage"},"thumbnailUrl":"https:\/\/ppa3.batera.fr\/wp-content\/uploads\/2025\/12\/close-up-jardinier-coupe-des-branches-de-pin-2-scaled.jpg","datePublished":"2025-12-01T10:53:37+00:00","dateModified":"2025-12-04T11:35:17+00:00","description":"\u00c9lagage, abattage, d\u00e9montage s\u00e9curis\u00e9 et gestion des d\u00e9chets verts. Intervention en Loire-Atlantique par une \u00e9quipe exp\u00e9riment\u00e9e.","breadcrumb":{"@id":"https:\/\/ppa3.batera.fr\/index.php\/elagage-et-abattage\/#breadcrumb"},"inLanguage":"fr-FR","potentialAction":[{"@type":"ReadAction","target":["https:\/\/ppa3.batera.fr\/index.php\/elagage-et-abattage\/"]}]},{"@type":"ImageObject","inLanguage":"fr-FR","@id":"https:\/\/ppa3.batera.fr\/index.php\/elagage-et-abattage\/#primaryimage","url":"https:\/\/ppa3.batera.fr\/wp-content\/uploads\/2025\/12\/close-up-jardinier-coupe-des-branches-de-pin-2-scaled.jpg","contentUrl":"https:\/\/ppa3.batera.fr\/wp-content\/uploads\/2025\/12\/close-up-jardinier-coupe-des-branches-de-pin-2-scaled.jpg","width":2560,"height":1707},{"@type":"BreadcrumbList","@id":"https:\/\/ppa3.batera.fr\/index.php\/elagage-et-abattage\/#breadcrumb","itemListElement":[{"@type":"ListItem","position":1,"name":"Accueil","item":"https:\/\/ppa3.batera.fr\/"},{"@type":"ListItem","position":2,"name":"\u00c9lagage et abattage"}]},{"@type":"WebSite","@id":"https:\/\/ppa3.batera.fr\/#website","url":"https:\/\/ppa3.batera.fr\/","name":"WordPress","description":"L\u2019art du paysage au service de votre quotidien","publisher":{"@id":"https:\/\/ppa3.batera.fr\/#organization"},"potentialAction":[{"@type":"SearchAction","target":{"@type":"EntryPoint","urlTemplate":"https:\/\/ppa3.batera.fr\/?s={search_term_string}"},"query-input":{"@type":"PropertyValueSpecification","valueRequired":true,"valueName":"search_term_string"}}],"inLanguage":"fr-FR"},{"@type":"Organization","@id":"https:\/\/ppa3.batera.fr\/#organization","name":"WordPress","url":"https:\/\/ppa3.batera.fr\/","logo":{"@type":"ImageObject","inLanguage":"fr-FR","@id":"https:\/\/ppa3.batera.fr\/#\/schema\/logo\/image\/","url":"https:\/\/ppa3.batera.fr\/wp-content\/uploads\/2025\/12\/Capture-decran-2025-12-01-a-12.11.31.png","contentUrl":"https:\/\/ppa3.batera.fr\/wp-content\/uploads\/2025\/12\/Capture-decran-2025-12-01-a-12.11.31.png","width":268,"height":268,"caption":"WordPress"},"image":{"@id":"https:\/\/ppa3.batera.fr\/#\/schema\/logo\/image\/"}}]}},"_links":{"self":[{"href":"https:\/\/ppa3.batera.fr\/index.php\/wp-json\/wp\/v2\/pages\/9","targetHints":{"allow":["GET"]}}],"collection":[{"href":"https:\/\/ppa3.batera.fr\/index.php\/wp-json\/wp\/v2\/pages"}],"about":[{"href":"https:\/\/ppa3.batera.fr\/index.php\/wp-json\/wp\/v2\/types\/page"}],"author":[{"embeddable":true,"href":"https:\/\/ppa3.batera.fr\/index.php\/wp-json\/wp\/v2\/users\/1"}],"replies":[{"embeddable":true,"href":"https:\/\/ppa3.batera.fr\/index.php\/wp-json\/wp\/v2\/comments?post=9"}],"version-history":[{"count":26,"href":"https:\/\/ppa3.batera.fr\/index.php\/wp-json\/wp\/v2\/pages\/9\/revisions"}],"predecessor-version":[{"id":540,"href":"https:\/\/ppa3.batera.fr\/index.php\/wp-json\/wp\/v2\/pages\/9\/revisions\/540"}],"wp:featuredmedia":[{"embeddable":true,"href":"https:\/\/ppa3.batera.fr\/index.php\/wp-json\/wp\/v2\/media\/266"}],"wp:attachment":[{"href":"https:\/\/ppa3.batera.fr\/index.php\/wp-json\/wp\/v2\/media?parent=9"}],"curies":[{"name":"wp","href":"https:\/\/api.w.org\/{rel}","templated":true}]}}